{"id":692,"date":"2023-11-20T10:41:13","date_gmt":"2023-11-20T13:41:13","guid":{"rendered":"https:\/\/grupolola.org\/?page_id=692"},"modified":"2023-11-20T11:16:10","modified_gmt":"2023-11-20T14:16:10","slug":"genially","status":"publish","type":"page","link":"https:\/\/grupolola.org\/index.php\/planejamento-pedagogico\/genially\/","title":{"rendered":"Genially"},"content":{"rendered":"\n<div style=\"height:100px\" aria-hidden=\"true\" class=\"wp-block-spacer\"><\/div>\n\n\n\n<h1 class=\"wp-block-heading has-nv-site-bg-color has-text-color has-link-color wp-elements-88881d29e57e242d7e68371b15f08cef\">Genially<\/h1>\n\n\n\n<div class=\"wp-block-columns is-layout-flex wp-container-core-columns-layout-1 wp-block-columns-is-layout-flex\">\n<div class=\"wp-block-column is-layout-flow wp-block-column-is-layout-flow\">\n<figure class=\"wp-block-image size-full is-resized\"><a href=\"https:\/\/genial.ly\/pt-br\/\"><img loading=\"lazy\" decoding=\"async\" width=\"300\" height=\"93\" src=\"https:\/\/grupolola.org\/wp-content\/uploads\/2023\/11\/genially-logo-1.png\" alt=\"\" class=\"wp-image-693\" style=\"width:247px;height:auto\"\/><\/a><\/figure>\n<\/div>\n\n\n\n<div class=\"wp-block-column is-layout-flow wp-block-column-is-layout-flow\">\n<p>Genially \u00e9 um recurso que permite criar mais que imagens est\u00e1ticas, possibilita criar conte\u00fados interativos, podendo ser compartilhados em redes sociais. A plataforma \u00e9 gratuita e oferece recursos como: infogr\u00e1ficos, banners, apresenta\u00e7\u00f5es de v\u00eddeo, anima\u00e7\u00f5es interativas, guias, projetos de gamifica\u00e7\u00e3o, entre outros.Fonte: <a href=\"http:\/\/www.ufopa.edu.br\">http:\/\/www.ufopa.edu.br<\/a><\/p>\n<\/div>\n<\/div>\n\n\n\n<div style=\"height:88px\" aria-hidden=\"true\" class=\"wp-block-spacer\"><\/div>\n\n\n\n<div class=\"wp-block-columns is-layout-flex wp-container-core-columns-layout-2 wp-block-columns-is-layout-flex\">\n<div class=\"wp-block-column is-layout-flow wp-block-column-is-layout-flow\">\n<p>Encontro da forma\u00e7\u00e3o<\/p>\n<\/div>\n\n\n\n<div class=\"wp-block-column is-layout-flow wp-block-column-is-layout-flow\">\n<figure class=\"wp-block-embed is-type-rich is-provider-incorporar-manipulador wp-block-embed-incorporar-manipulador wp-embed-aspect-16-9 wp-has-aspect-ratio\"><div class=\"wp-block-embed__wrapper\">\n<div class=\"nv-iframe-embed\"><iframe loading=\"lazy\" title=\"Encontro 3 - Genially\" width=\"1200\" height=\"675\" src=\"https:\/\/www.youtube.com\/embed\/_65WO_MpDhM?feature=oembed\" frameborder=\"0\" allow=\"accelerometer; autoplay; clipboard-write; encrypted-media; gyroscope; picture-in-picture; web-share\" allowfullscreen><\/iframe><\/div>\n<\/div><\/figure>\n<\/div>\n<\/div>\n\n\n\n<div style=\"height:56px\" aria-hidden=\"true\" class=\"wp-block-spacer\"><\/div>\n\n\n\n<h1 class=\"wp-block-heading has-nv-site-bg-color has-text-color has-link-color wp-elements-a5bf9c48ebc713671d217d6b03332508\">Saiba mais&#8230;<\/h1>\n\n\n\n<div class=\"wp-block-columns is-layout-flex wp-container-core-columns-layout-3 wp-block-columns-is-layout-flex\">\n<div class=\"wp-block-column is-layout-flow wp-block-column-is-layout-flow\">\n<p><strong>Tutorial &#8211; Imagem interativa&nbsp;<\/strong><\/p>\n\n\n\n<figure class=\"wp-block-embed is-type-rich is-provider-incorporar-manipulador wp-block-embed-incorporar-manipulador wp-embed-aspect-16-9 wp-has-aspect-ratio\"><div class=\"wp-block-embed__wrapper\">\n<div class=\"nv-iframe-embed\"><iframe loading=\"lazy\" title=\"GENIALLY - COMO TRANSFORMAR FOTO EM IMAGEM INTERATIVA!\" width=\"1200\" height=\"675\" src=\"https:\/\/www.youtube.com\/embed\/Lt1Ggv8NWyg?feature=oembed\" frameborder=\"0\" allow=\"accelerometer; autoplay; clipboard-write; encrypted-media; gyroscope; picture-in-picture; web-share\" allowfullscreen><\/iframe><\/div>\n<\/div><\/figure>\n<\/div>\n\n\n\n<div class=\"wp-block-column is-layout-flow wp-block-column-is-layout-flow\">\n<p><strong>Tutorial &#8211; Apresenta\u00e7\u00f5es&nbsp;<\/strong><\/p>\n\n\n\n<figure class=\"wp-block-embed is-type-rich is-provider-incorporar-manipulador wp-block-embed-incorporar-manipulador wp-embed-aspect-16-9 wp-has-aspect-ratio\"><div class=\"wp-block-embed__wrapper\">\n<div class=\"nv-iframe-embed\"><iframe loading=\"lazy\" title=\"Como usar o GENIALLY - Tutorial Completo\" width=\"1200\" height=\"675\" src=\"https:\/\/www.youtube.com\/embed\/xI7ytpQT75Y?feature=oembed\" frameborder=\"0\" allow=\"accelerometer; autoplay; clipboard-write; encrypted-media; gyroscope; picture-in-picture; web-share\" allowfullscreen><\/iframe><\/div>\n<\/div><\/figure>\n<\/div>\n<\/div>\n\n\n\n<div class=\"wp-block-columns is-layout-flex wp-container-core-columns-layout-4 wp-block-columns-is-layout-flex\">\n<div class=\"wp-block-column is-layout-flow wp-block-column-is-layout-flow\">\n<p class=\"has-neve-link-hover-color-color has-nv-dark-bg-background-color has-text-color has-background has-link-color wp-elements-034ca0aa95635b4df95036b9ba8ec1d7\">Exemplo: <a href=\"https:\/\/view.genial.ly\/6275435a927f380017506de2\/presentation-objetivos-de-aprendizagem-taxonomia-de-bloom\">https:\/\/view.genial.ly\/6275435a927f380017506de2\/presentation-objetivos-de-aprendizagem-taxonomia-de-bloom<\/a>    Moreira, D., Henriques, S. Manuelito, H. (2022). Objetivos de Aprendizagem: Taxonomia de Bloom, Universidade Aberta.<\/p>\n\n\n\n<p class=\"has-neve-link-hover-color-color has-nv-dark-bg-background-color has-text-color has-background has-link-color wp-elements-91e38e4671fef9efb69015957b3e06fa\">S\u00e9rie de v\u00eddeos &#8211; Genially &#8211; <a href=\"https:\/\/www.youtube.com\/@JanainaAngelinaTeixeira\">https:\/\/www.youtube.com\/@JanainaAngelinaTeixeira<\/a>\u00a0<\/p>\n\n\n\n<p class=\"has-neve-link-hover-color-color has-nv-dark-bg-background-color has-text-color has-background has-link-color wp-elements-b53614972f416bf4700e3e75c1a626d6\">JUNIOR, Osias Raimundo da Silva; SABBATIN, Marcelo. Media\u00e7\u00e3o dos processos educacionais na pandemia: o uso do Escape Room Educativo na forma\u00e7\u00e3o inicial de Professores. Dispon\u00edvel em:\u00a0 <a href=\"https:\/\/revistas.esuda.edu.br\/index.php\/humanae\/article\/view\/839\/323\">https:\/\/revistas.esuda.edu.br\/index.php\/humanae\/article\/view\/839\/323<\/a>\u00a0\u00a0\u00a0\u00a0\u00a0\u00a0<\/p>\n<\/div>\n\n\n\n<div class=\"wp-block-column is-layout-flow wp-block-column-is-layout-flow\">\n<p class=\"has-neve-link-hover-color-color has-nv-dark-bg-background-color has-text-color has-background has-link-color wp-elements-52f420e95634ca26555d9b5947b4fb55\">Genially &#8211; Primeiros passos &#8211; <a href=\"https:\/\/genial.ly\/pt-br\/primeiros-passos\/\">https:\/\/genial.ly\/pt-br\/primeiros-passos\/<\/a>&nbsp;<\/p>\n\n\n\n<p class=\"has-custom-1-color has-nv-dark-bg-background-color has-text-color has-background has-link-color wp-elements-2bdf7e687d729268be52ba7253335fe0\">MEDEIROS, I. A. de A., Neres, R. L., de Sousa, R. N., Rodrigues, R. dos S., da silva, V. A., &amp; Vieira, F. das C. (2021). O uso da ferramenta digital escape room como recurso de ensino e aprendizagem de matem\u00e1tica nos anos finais do ensino fundamental \/ The use of the digital tool escape room as a resource for teaching and learning mathematics in the final years of fundamental education. <em>Brazilian Journal of Development<\/em>, <em>7<\/em>(4), 37840\u201337851.<a href=\"https:\/\/doi.org\/10.34117\/bjdv7n4-309\"> <\/a>&nbsp;Dispon\u00edvel em:&nbsp; <a href=\"https:\/\/doi.org\/10.34117\/bjdv7n4-309\">https:\/\/doi.org\/10.34117\/bjdv7n4-309<\/a><\/p>\n<\/div>\n<\/div>\n\n\n\n<p><\/p>\n","protected":false},"excerpt":{"rendered":"<p>Genially Genially \u00e9 um recurso que permite criar mais que imagens est\u00e1ticas, possibilita criar conte\u00fados interativos, podendo ser compartilhados em redes sociais. A plataforma \u00e9 gratuita e oferece recursos como: infogr\u00e1ficos, banners, apresenta\u00e7\u00f5es de v\u00eddeo, anima\u00e7\u00f5es interativas, guias, projetos de gamifica\u00e7\u00e3o, entre outros.Fonte: http:\/\/www.ufopa.edu.br Encontro da forma\u00e7\u00e3o Saiba mais&#8230; Tutorial &#8211; Imagem interativa&nbsp; Tutorial &#8211;&hellip;&nbsp;<a href=\"https:\/\/grupolola.org\/index.php\/planejamento-pedagogico\/genially\/\" class=\"\" rel=\"bookmark\">Continue a ler &raquo;<span class=\"screen-reader-text\">Genially<\/span><\/a><\/p>\n","protected":false},"author":1,"featured_media":0,"parent":610,"menu_order":8,"comment_status":"closed","ping_status":"closed","template":"","meta":{"neve_meta_sidebar":"","neve_meta_container":"","neve_meta_enable_content_width":"","neve_meta_content_width":0,"neve_meta_title_alignment":"","neve_meta_author_avatar":"","neve_post_elements_order":"","neve_meta_disable_header":"","neve_meta_disable_footer":"","neve_meta_disable_title":"","footnotes":""},"_links":{"self":[{"href":"https:\/\/grupolola.org\/index.php\/wp-json\/wp\/v2\/pages\/692"}],"collection":[{"href":"https:\/\/grupolola.org\/index.php\/wp-json\/wp\/v2\/pages"}],"about":[{"href":"https:\/\/grupolola.org\/index.php\/wp-json\/wp\/v2\/types\/page"}],"author":[{"embeddable":true,"href":"https:\/\/grupolola.org\/index.php\/wp-json\/wp\/v2\/users\/1"}],"replies":[{"embeddable":true,"href":"https:\/\/grupolola.org\/index.php\/wp-json\/wp\/v2\/comments?post=692"}],"version-history":[{"count":2,"href":"https:\/\/grupolola.org\/index.php\/wp-json\/wp\/v2\/pages\/692\/revisions"}],"predecessor-version":[{"id":707,"href":"https:\/\/grupolola.org\/index.php\/wp-json\/wp\/v2\/pages\/692\/revisions\/707"}],"up":[{"embeddable":true,"href":"https:\/\/grupolola.org\/index.php\/wp-json\/wp\/v2\/pages\/610"}],"wp:attachment":[{"href":"https:\/\/grupolola.org\/index.php\/wp-json\/wp\/v2\/media?parent=692"}],"curies":[{"name":"wp","href":"https:\/\/api.w.org\/{rel}","templated":true}]}}