{"id":685,"date":"2023-11-20T10:23:03","date_gmt":"2023-11-20T13:23:03","guid":{"rendered":"https:\/\/grupolola.org\/?page_id=685"},"modified":"2023-11-20T10:32:40","modified_gmt":"2023-11-20T13:32:40","slug":"wakelet","status":"publish","type":"page","link":"https:\/\/grupolola.org\/index.php\/planejamento-pedagogico\/wakelet\/","title":{"rendered":"Wakelet"},"content":{"rendered":"\n<div style=\"height:100px\" aria-hidden=\"true\" class=\"wp-block-spacer\"><\/div>\n\n\n\n<h1 class=\"wp-block-heading has-nv-site-bg-color has-text-color has-link-color wp-elements-eeb11b1ef6ea6818d98f71482fde5b8d\">Wakelet<\/h1>\n\n\n\n<div class=\"wp-block-columns is-layout-flex wp-container-core-columns-layout-1 wp-block-columns-is-layout-flex\">\n<div class=\"wp-block-column is-layout-flow wp-block-column-is-layout-flow\">\n<figure class=\"wp-block-image size-large is-resized\"><a href=\"https:\/\/wakelet.com\/\"><img loading=\"lazy\" decoding=\"async\" width=\"1024\" height=\"576\" src=\"https:\/\/grupolola.org\/wp-content\/uploads\/2023\/11\/wakeletlogo-1-1024x576.jpeg\" alt=\"\" class=\"wp-image-686\" style=\"width:244px;height:auto\" srcset=\"https:\/\/grupolola.org\/wp-content\/uploads\/2023\/11\/wakeletlogo-1-1024x576.jpeg 1024w, https:\/\/grupolola.org\/wp-content\/uploads\/2023\/11\/wakeletlogo-1-300x169.jpeg 300w, https:\/\/grupolola.org\/wp-content\/uploads\/2023\/11\/wakeletlogo-1-768x432.jpeg 768w, https:\/\/grupolola.org\/wp-content\/uploads\/2023\/11\/wakeletlogo-1.jpeg 1200w\" sizes=\"(max-width: 1024px) 100vw, 1024px\" \/><\/a><\/figure>\n<\/div>\n\n\n\n<div class=\"wp-block-column is-vertically-aligned-center is-layout-flow wp-block-column-is-layout-flow\">\n<p>Wakelet \u00e9 um aplicativo da web que permite que pessoas, empresas e institui\u00e7\u00f5es acad\u00eamicas organizem links para informa\u00e7\u00f5es online em cole\u00e7\u00f5es bem apresentadas chamadas &#8216;wakes&#8217;.Fonte: <a href=\"http:\/\/blog.brasilacademico.com\/2020\/08\/wakelet-conheca-uma-ferramenta-que-pode.html\">http:\/\/blog.brasilacademico.com\/2020\/08\/wakelet-conheca-uma-ferramenta-que-pode.html<\/a><\/p>\n<\/div>\n<\/div>\n\n\n\n<div class=\"wp-block-columns is-layout-flex wp-container-core-columns-layout-2 wp-block-columns-is-layout-flex\">\n<div class=\"wp-block-column is-layout-flow wp-block-column-is-layout-flow\">\n<p>Parte 1<\/p>\n\n\n\n<figure class=\"wp-block-embed is-type-rich is-provider-incorporar-manipulador wp-block-embed-incorporar-manipulador wp-embed-aspect-16-9 wp-has-aspect-ratio\"><div class=\"wp-block-embed__wrapper\">\n<div class=\"nv-iframe-embed\"><iframe loading=\"lazy\" title=\"Encontro 3 - Wakelet - parte 1\" width=\"1200\" height=\"675\" src=\"https:\/\/www.youtube.com\/embed\/u3fqFRbMcPw?feature=oembed\" frameborder=\"0\" allow=\"accelerometer; autoplay; clipboard-write; encrypted-media; gyroscope; picture-in-picture; web-share\" allowfullscreen><\/iframe><\/div>\n<\/div><\/figure>\n<\/div>\n\n\n\n<div class=\"wp-block-column is-layout-flow wp-block-column-is-layout-flow\">\n<p>Parte 2<\/p>\n\n\n\n<figure class=\"wp-block-embed is-type-rich is-provider-incorporar-manipulador wp-block-embed-incorporar-manipulador wp-embed-aspect-16-9 wp-has-aspect-ratio\"><div class=\"wp-block-embed__wrapper\">\n<div class=\"nv-iframe-embed\"><iframe loading=\"lazy\" title=\"Encontro 3 -  Wakelet  - parte 2\" width=\"1200\" height=\"675\" src=\"https:\/\/www.youtube.com\/embed\/yFPgrvSA8xE?feature=oembed\" frameborder=\"0\" allow=\"accelerometer; autoplay; clipboard-write; encrypted-media; gyroscope; picture-in-picture; web-share\" allowfullscreen><\/iframe><\/div>\n<\/div><\/figure>\n<\/div>\n<\/div>\n\n\n\n<h1 class=\"wp-block-heading has-nv-site-bg-color has-text-color has-link-color has-large-font-size wp-elements-1f0402b4262eab7e585eb12602999d80\">Saiba mais&#8230;<\/h1>\n\n\n\n<div class=\"wp-block-columns is-layout-flex wp-container-core-columns-layout-3 wp-block-columns-is-layout-flex\">\n<div class=\"wp-block-column is-layout-flow wp-block-column-is-layout-flow\">\n<p><strong>Tutorial &#8211; cadastro e uso das ferramentas&nbsp;<\/strong><\/p>\n\n\n\n<figure class=\"wp-block-embed is-type-rich is-provider-incorporar-manipulador wp-block-embed-incorporar-manipulador wp-embed-aspect-16-9 wp-has-aspect-ratio\"><div class=\"wp-block-embed__wrapper\">\n<div class=\"nv-iframe-embed\"><iframe loading=\"lazy\" title=\"Tutorial Wakelet\" width=\"1200\" height=\"675\" src=\"https:\/\/www.youtube.com\/embed\/QSEetE817ek?feature=oembed\" frameborder=\"0\" allow=\"accelerometer; autoplay; clipboard-write; encrypted-media; gyroscope; picture-in-picture; web-share\" allowfullscreen><\/iframe><\/div>\n<\/div><\/figure>\n<\/div>\n\n\n\n<div class=\"wp-block-column is-layout-flow wp-block-column-is-layout-flow\">\n<p class=\"has-text-align-center has-custom-1-color has-nv-dark-bg-background-color has-text-color has-background has-link-color wp-elements-141b560acf9423ce62ba40fc12547115\">Pimenta, G. (2021). O Uso Da Plataforma Wakelet No Processo De Ensino-Aprendizagem No Ensino M\u00e9dio. Anais Do Congresso Nacional Universidade, EAD E Software Livre, 2(12).&nbsp; Dispon\u00edvel em: <a href=\"https:\/\/revistas.nasnuv.com.br:443\/index.php\/UEADSL\/article\/view\/694\">https:\/\/revistas.nasnuv.com.br:443\/index.php\/UEADSL\/article\/view\/694<\/a><\/p>\n<\/div>\n<\/div>\n\n\n\n<div class=\"wp-block-columns is-layout-flex wp-container-core-columns-layout-4 wp-block-columns-is-layout-flex\">\n<div class=\"wp-block-column is-layout-flow wp-block-column-is-layout-flow\">\n<p class=\"has-custom-1-color has-nv-dark-bg-background-color has-text-color has-background has-link-color wp-elements-fc773284ce618167b5816213e5173da1\">BACKES NUNES, Mariana; DA SILVA ALENCAR DE SOUZA, Manuela; DA SILVA CAMPELO COSTA BARCELLOS, Patr\u00edcia. Letramentos em ambiente digital \u00e0 luz do Conectivismo: uma proposta did\u00e1tica. Entrepalavras, [S.l.], v. 12, n. 3, p. 459-481, fev. 2023. ISSN 2237-6321. Dispon\u00edvel em: &lt;<a href=\"http:\/\/www.entrepalavras.ufc.br\/revista\/index.php\/Revista\/article\/view\/2538\/954\">http:\/\/www.entrepalavras.ufc.br\/revista\/index.php\/Revista\/article\/view\/2538\/954<\/a>&gt;. Acesso em: 27 fev. 2023. doi:<a href=\"http:\/\/dx.doi.org\/10.22168\/2237-6321-32538\">http:\/\/dx.doi.org\/10.22168\/2237-6321-32538<\/a>.<\/p>\n<\/div>\n\n\n\n<div class=\"wp-block-column is-layout-flow wp-block-column-is-layout-flow\">\n<p class=\"has-custom-1-color has-nv-dark-bg-background-color has-text-color has-background has-link-color wp-elements-608d66908516b2e3b25807d82247aa13\">Wakelet: Conhe\u00e7a uma ferramenta que pode revolucionar a curadoria digital. <a href=\"http:\/\/blog.brasilacademico.com\/2020\/08\/wakelet-conheca-uma-ferramenta-que-pode.html\">http:\/\/blog.brasilacademico.com\/2020\/08\/wakelet-conheca-uma-ferramenta-que-pode.html<\/a><\/p>\n<\/div>\n<\/div>\n","protected":false},"excerpt":{"rendered":"<p>Wakelet Wakelet \u00e9 um aplicativo da web que permite que pessoas, empresas e institui\u00e7\u00f5es acad\u00eamicas organizem links para informa\u00e7\u00f5es online em cole\u00e7\u00f5es bem apresentadas chamadas &#8216;wakes&#8217;.Fonte: http:\/\/blog.brasilacademico.com\/2020\/08\/wakelet-conheca-uma-ferramenta-que-pode.html Parte 1 Parte 2 Saiba mais&#8230; Tutorial &#8211; cadastro e uso das ferramentas&nbsp; Pimenta, G. (2021). O Uso Da Plataforma Wakelet No Processo De Ensino-Aprendizagem No Ensino M\u00e9dio.&hellip;&nbsp;<a href=\"https:\/\/grupolola.org\/index.php\/planejamento-pedagogico\/wakelet\/\" class=\"\" rel=\"bookmark\">Continue a ler &raquo;<span class=\"screen-reader-text\">Wakelet<\/span><\/a><\/p>\n","protected":false},"author":1,"featured_media":0,"parent":610,"menu_order":6,"comment_status":"closed","ping_status":"closed","template":"","meta":{"neve_meta_sidebar":"","neve_meta_container":"","neve_meta_enable_content_width":"","neve_meta_content_width":0,"neve_meta_title_alignment":"","neve_meta_author_avatar":"","neve_post_elements_order":"","neve_meta_disable_header":"","neve_meta_disable_footer":"","neve_meta_disable_title":"","footnotes":""},"_links":{"self":[{"href":"https:\/\/grupolola.org\/index.php\/wp-json\/wp\/v2\/pages\/685"}],"collection":[{"href":"https:\/\/grupolola.org\/index.php\/wp-json\/wp\/v2\/pages"}],"about":[{"href":"https:\/\/grupolola.org\/index.php\/wp-json\/wp\/v2\/types\/page"}],"author":[{"embeddable":true,"href":"https:\/\/grupolola.org\/index.php\/wp-json\/wp\/v2\/users\/1"}],"replies":[{"embeddable":true,"href":"https:\/\/grupolola.org\/index.php\/wp-json\/wp\/v2\/comments?post=685"}],"version-history":[{"count":2,"href":"https:\/\/grupolola.org\/index.php\/wp-json\/wp\/v2\/pages\/685\/revisions"}],"predecessor-version":[{"id":700,"href":"https:\/\/grupolola.org\/index.php\/wp-json\/wp\/v2\/pages\/685\/revisions\/700"}],"up":[{"embeddable":true,"href":"https:\/\/grupolola.org\/index.php\/wp-json\/wp\/v2\/pages\/610"}],"wp:attachment":[{"href":"https:\/\/grupolola.org\/index.php\/wp-json\/wp\/v2\/media?parent=685"}],"curies":[{"name":"wp","href":"https:\/\/api.w.org\/{rel}","templated":true}]}}