{"id":677,"date":"2023-11-20T10:14:17","date_gmt":"2023-11-20T13:14:17","guid":{"rendered":"https:\/\/grupolola.org\/?page_id=677"},"modified":"2023-11-20T10:32:16","modified_gmt":"2023-11-20T13:32:16","slug":"google-arte-e-cultura","status":"publish","type":"page","link":"https:\/\/grupolola.org\/index.php\/planejamento-pedagogico\/google-arte-e-cultura\/","title":{"rendered":"Google Arte e Cultura"},"content":{"rendered":"\n<div style=\"height:93px\" aria-hidden=\"true\" class=\"wp-block-spacer\"><\/div>\n\n\n\n<h1 class=\"wp-block-heading has-nv-site-bg-color has-text-color has-link-color wp-elements-e737a3aec92db054b93a4c000ba1f0dc\">Google Arte e Cultura<\/h1>\n\n\n\n<div style=\"height:51px\" aria-hidden=\"true\" class=\"wp-block-spacer\"><\/div>\n\n\n\n<div class=\"wp-block-columns is-layout-flex wp-container-core-columns-layout-1 wp-block-columns-is-layout-flex\">\n<div class=\"wp-block-column is-layout-flow wp-block-column-is-layout-flow\">\n<figure class=\"wp-block-image size-large is-resized is-style-default\"><a href=\"https:\/\/artsandculture.google.com\/\"><img loading=\"lazy\" decoding=\"async\" width=\"1024\" height=\"576\" src=\"https:\/\/grupolola.org\/wp-content\/uploads\/2023\/11\/Google-Arts-Culture-Logo-1-1024x576.png\" alt=\"\" class=\"wp-image-678\" style=\"width:245px;height:auto\" srcset=\"https:\/\/grupolola.org\/wp-content\/uploads\/2023\/11\/Google-Arts-Culture-Logo-1-1024x576.png 1024w, https:\/\/grupolola.org\/wp-content\/uploads\/2023\/11\/Google-Arts-Culture-Logo-1-300x169.png 300w, https:\/\/grupolola.org\/wp-content\/uploads\/2023\/11\/Google-Arts-Culture-Logo-1-768x432.png 768w, https:\/\/grupolola.org\/wp-content\/uploads\/2023\/11\/Google-Arts-Culture-Logo-1-1536x864.png 1536w, https:\/\/grupolola.org\/wp-content\/uploads\/2023\/11\/Google-Arts-Culture-Logo-1-2048x1152.png 2048w\" sizes=\"(max-width: 1024px) 100vw, 1024px\" \/><\/a><\/figure>\n<\/div>\n\n\n\n<div class=\"wp-block-column is-vertically-aligned-center is-layout-flow wp-block-column-is-layout-flow\">\n<p><a href=\"https:\/\/artsandculture.google.com\/\">https:\/\/artsandculture.google.com\/<\/a><\/p>\n<\/div>\n<\/div>\n\n\n\n<div style=\"height:51px\" aria-hidden=\"true\" class=\"wp-block-spacer\"><\/div>\n\n\n\n<div class=\"wp-block-columns is-layout-flex wp-container-core-columns-layout-2 wp-block-columns-is-layout-flex\">\n<div class=\"wp-block-column is-layout-flow wp-block-column-is-layout-flow\">\n<p>Encontro de forma\u00e7\u00e3o<\/p>\n<\/div>\n\n\n\n<div class=\"wp-block-column is-layout-flow wp-block-column-is-layout-flow\">\n<figure class=\"wp-block-embed is-type-rich is-provider-incorporar-manipulador wp-block-embed-incorporar-manipulador wp-embed-aspect-16-9 wp-has-aspect-ratio\"><div class=\"wp-block-embed__wrapper\">\n<div class=\"nv-iframe-embed\"><iframe loading=\"lazy\" title=\"Encontro 3 - Google Arte e Cultura\" width=\"1200\" height=\"675\" src=\"https:\/\/www.youtube.com\/embed\/l6OPYXteR0o?feature=oembed\" frameborder=\"0\" allow=\"accelerometer; autoplay; clipboard-write; encrypted-media; gyroscope; picture-in-picture; web-share\" allowfullscreen><\/iframe><\/div>\n<\/div><\/figure>\n<\/div>\n<\/div>\n\n\n\n<h1 class=\"wp-block-heading has-nv-site-bg-color has-text-color has-link-color has-large-font-size wp-elements-1f0402b4262eab7e585eb12602999d80\">Saiba mais&#8230;<\/h1>\n\n\n\n<div style=\"height:39px\" aria-hidden=\"true\" class=\"wp-block-spacer\"><\/div>\n\n\n\n<div class=\"wp-block-columns is-layout-flex wp-container-core-columns-layout-3 wp-block-columns-is-layout-flex\">\n<div class=\"wp-block-column is-layout-flow wp-block-column-is-layout-flow\">\n<p><strong>Como utilizar o Google Arts &amp; Culture e criar uma aula brilhante de artes<\/strong><\/p>\n\n\n\n<figure class=\"wp-block-embed is-type-rich is-provider-incorporar-manipulador wp-block-embed-incorporar-manipulador wp-embed-aspect-16-9 wp-has-aspect-ratio\"><div class=\"wp-block-embed__wrapper\">\n<div class=\"nv-iframe-embed\"><iframe loading=\"lazy\" title=\"Como utilizar o Google Arts &amp; Culture e criar uma aula brilhante de artes - #educadoronline\" width=\"1200\" height=\"675\" src=\"https:\/\/www.youtube.com\/embed\/sYX1eOTN__Q?feature=oembed\" frameborder=\"0\" allow=\"accelerometer; autoplay; clipboard-write; encrypted-media; gyroscope; picture-in-picture; web-share\" allowfullscreen><\/iframe><\/div>\n<\/div><\/figure>\n<\/div>\n\n\n\n<div class=\"wp-block-column is-layout-flow wp-block-column-is-layout-flow\">\n<p><strong>Encante seus alunos com Google Arts&amp;Culture<\/strong><\/p>\n\n\n\n<figure class=\"wp-block-embed is-type-rich is-provider-incorporar-manipulador wp-block-embed-incorporar-manipulador wp-embed-aspect-16-9 wp-has-aspect-ratio\"><div class=\"wp-block-embed__wrapper\">\n<div class=\"nv-iframe-embed\"><iframe loading=\"lazy\" title=\"Encante seus alunos com Google Arts&amp;Culture [aula 11]\" width=\"1200\" height=\"675\" src=\"https:\/\/www.youtube.com\/embed\/Qb_H_gXrVVg?feature=oembed\" frameborder=\"0\" allow=\"accelerometer; autoplay; clipboard-write; encrypted-media; gyroscope; picture-in-picture; web-share\" allowfullscreen><\/iframe><\/div>\n<\/div><\/figure>\n<\/div>\n<\/div>\n\n\n\n<h1 class=\"wp-block-heading\">O que \u00e9 o Google Arts &amp; Culture? Descubra como usar na educa\u00e7\u00e3o<\/h1>\n\n\n\n<figure class=\"wp-block-embed is-type-wp-embed is-provider-tudo-sobre-solu-es-em-tecnologia-e-produtos-google-para-educa-o wp-block-embed-tudo-sobre-solu-es-em-tecnologia-e-produtos-google-para-educa-o\"><div class=\"wp-block-embed__wrapper\">\n<blockquote class=\"wp-embedded-content\" data-secret=\"JTS6mOUVAt\"><a href=\"https:\/\/educadordofuturo.com.br\/google-education\/o-que-e-google-arts-culture\/\">O que \u00e9 o Google Arts &#038; Culture? Descubra como usar na educa\u00e7\u00e3o<\/a><\/blockquote><iframe class=\"wp-embedded-content\" sandbox=\"allow-scripts\" security=\"restricted\" style=\"position: absolute; clip: rect(1px, 1px, 1px, 1px);\" title=\"&#8220;O que \u00e9 o Google Arts &#038; Culture? Descubra como usar na educa\u00e7\u00e3o&#8221; &#8212; Tudo sobre solu\u00e7\u00f5es em tecnologia e produtos Google para educa\u00e7\u00e3o\" src=\"https:\/\/educadordofuturo.com.br\/google-education\/o-que-e-google-arts-culture\/embed\/#?secret=JNlYBDZIAl#?secret=JTS6mOUVAt\" data-secret=\"JTS6mOUVAt\" width=\"600\" height=\"338\" frameborder=\"0\" marginwidth=\"0\" marginheight=\"0\" scrolling=\"no\"><\/iframe>\n<\/div><\/figure>\n","protected":false},"excerpt":{"rendered":"<p>Google Arte e Cultura https:\/\/artsandculture.google.com\/ Encontro de forma\u00e7\u00e3o Saiba mais&#8230; Como utilizar o Google Arts &amp; Culture e criar uma aula brilhante de artes Encante seus alunos com Google Arts&amp;Culture O que \u00e9 o Google Arts &amp; Culture? Descubra como usar na educa\u00e7\u00e3o<\/p>\n","protected":false},"author":1,"featured_media":0,"parent":610,"menu_order":6,"comment_status":"closed","ping_status":"closed","template":"","meta":{"neve_meta_sidebar":"","neve_meta_container":"","neve_meta_enable_content_width":"","neve_meta_content_width":0,"neve_meta_title_alignment":"","neve_meta_author_avatar":"","neve_post_elements_order":"","neve_meta_disable_header":"","neve_meta_disable_footer":"","neve_meta_disable_title":"","footnotes":""},"_links":{"self":[{"href":"https:\/\/grupolola.org\/index.php\/wp-json\/wp\/v2\/pages\/677"}],"collection":[{"href":"https:\/\/grupolola.org\/index.php\/wp-json\/wp\/v2\/pages"}],"about":[{"href":"https:\/\/grupolola.org\/index.php\/wp-json\/wp\/v2\/types\/page"}],"author":[{"embeddable":true,"href":"https:\/\/grupolola.org\/index.php\/wp-json\/wp\/v2\/users\/1"}],"replies":[{"embeddable":true,"href":"https:\/\/grupolola.org\/index.php\/wp-json\/wp\/v2\/comments?post=677"}],"version-history":[{"count":3,"href":"https:\/\/grupolola.org\/index.php\/wp-json\/wp\/v2\/pages\/677\/revisions"}],"predecessor-version":[{"id":699,"href":"https:\/\/grupolola.org\/index.php\/wp-json\/wp\/v2\/pages\/677\/revisions\/699"}],"up":[{"embeddable":true,"href":"https:\/\/grupolola.org\/index.php\/wp-json\/wp\/v2\/pages\/610"}],"wp:attachment":[{"href":"https:\/\/grupolola.org\/index.php\/wp-json\/wp\/v2\/media?parent=677"}],"curies":[{"name":"wp","href":"https:\/\/api.w.org\/{rel}","templated":true}]}}