{"id":671,"date":"2023-11-20T10:07:21","date_gmt":"2023-11-20T13:07:21","guid":{"rendered":"https:\/\/grupolola.org\/?page_id=671"},"modified":"2023-11-20T10:31:25","modified_gmt":"2023-11-20T13:31:25","slug":"canva","status":"publish","type":"page","link":"https:\/\/grupolola.org\/index.php\/planejamento-pedagogico\/canva\/","title":{"rendered":"Canva"},"content":{"rendered":"\n<h1 class=\"wp-block-heading has-nv-site-bg-color has-text-color has-link-color wp-elements-c563909f410a728c874ef757482274a5\">Canva<\/h1>\n\n\n\n<div style=\"height:64px\" aria-hidden=\"true\" class=\"wp-block-spacer\"><\/div>\n\n\n\n<div class=\"wp-block-columns is-layout-flex wp-container-core-columns-layout-1 wp-block-columns-is-layout-flex\">\n<div class=\"wp-block-column is-layout-flow wp-block-column-is-layout-flow\"><div class=\"wp-block-image\">\n<figure class=\"alignleft size-large is-resized\"><a href=\"https:\/\/www.canva.com\/\"><img loading=\"lazy\" decoding=\"async\" width=\"1024\" height=\"1024\" src=\"https:\/\/grupolola.org\/wp-content\/uploads\/2023\/11\/canva-1-1024x1024.png\" alt=\"\" class=\"wp-image-672\" style=\"width:148px;height:auto\" srcset=\"https:\/\/grupolola.org\/wp-content\/uploads\/2023\/11\/canva-1-1024x1024.png 1024w, https:\/\/grupolola.org\/wp-content\/uploads\/2023\/11\/canva-1-300x300.png 300w, https:\/\/grupolola.org\/wp-content\/uploads\/2023\/11\/canva-1-150x150.png 150w, https:\/\/grupolola.org\/wp-content\/uploads\/2023\/11\/canva-1-768x768.png 768w, https:\/\/grupolola.org\/wp-content\/uploads\/2023\/11\/canva-1-1536x1536.png 1536w, https:\/\/grupolola.org\/wp-content\/uploads\/2023\/11\/canva-1-2048x2048.png 2048w\" sizes=\"(max-width: 1024px) 100vw, 1024px\" \/><\/a><\/figure><\/div><\/div>\n\n\n\n<div class=\"wp-block-column is-vertically-aligned-center is-layout-flow wp-block-column-is-layout-flow\">\n<p>O Canva \u00e9 um editor gr\u00e1fico gratuito dispon\u00edvel online, ou para download gr\u00e1tis no celular <a href=\"https:\/\/www.techtudo.com.br\/tudo-sobre\/android\/\">Android <\/a>ou <a href=\"https:\/\/www.techtudo.com.br\/tudo-sobre\/iphone\/\">iPhone <\/a>(<a href=\"https:\/\/www.techtudo.com.br\/tudo-sobre\/ios\/\">iOS<\/a>). Saiba <a href=\"https:\/\/www.techtudo.com.br\/listas\/2022\/08\/como-usar-o-canva-veja-11-dicas-e-tutoriais-que-voce-precisa-aprender.ghtml\">como usar o Canva <\/a>no tutorial e veja 11 dicas que voc\u00ea precisa aprender. Vale lembrar que, al\u00e9m da vers\u00e3o gratuita, o Canva possui um plano pago, chamado de Canva Pro.Saiba mais: <a href=\"https:\/\/www.techtudo.com.br\/tudo-sobre\/canva\/\">https:\/\/www.techtudo.com.br\/tudo-sobre\/canva\/<\/a><\/p>\n<\/div>\n<\/div>\n\n\n\n<div style=\"height:77px\" aria-hidden=\"true\" class=\"wp-block-spacer\"><\/div>\n\n\n\n<div class=\"wp-block-columns is-layout-flex wp-container-core-columns-layout-2 wp-block-columns-is-layout-flex\">\n<div class=\"wp-block-column is-layout-flow wp-block-column-is-layout-flow\">\n<p>Encontro ferramenta Canva<\/p>\n<\/div>\n\n\n\n<div class=\"wp-block-column is-layout-flow wp-block-column-is-layout-flow\">\n<figure class=\"wp-block-embed is-type-rich is-provider-incorporar-manipulador wp-block-embed-incorporar-manipulador wp-embed-aspect-16-9 wp-has-aspect-ratio\"><div class=\"wp-block-embed__wrapper\">\n<div class=\"nv-iframe-embed\"><iframe loading=\"lazy\" title=\"Encontro 2  - Ferramenta Canva\" width=\"1200\" height=\"675\" src=\"https:\/\/www.youtube.com\/embed\/Iu3EZMVpDZU?feature=oembed\" frameborder=\"0\" allow=\"accelerometer; autoplay; clipboard-write; encrypted-media; gyroscope; picture-in-picture; web-share\" allowfullscreen><\/iframe><\/div>\n<\/div><\/figure>\n<\/div>\n<\/div>\n\n\n\n<h1 class=\"wp-block-heading has-nv-site-bg-color has-text-color has-link-color has-large-font-size wp-elements-1f0402b4262eab7e585eb12602999d80\">Saiba mais&#8230;<\/h1>\n\n\n\n<div class=\"wp-block-columns is-layout-flex wp-container-core-columns-layout-3 wp-block-columns-is-layout-flex\">\n<div class=\"wp-block-column is-layout-flow wp-block-column-is-layout-flow\">\n<figure class=\"wp-block-embed is-type-rich is-provider-incorporar-manipulador wp-block-embed-incorporar-manipulador wp-embed-aspect-16-9 wp-has-aspect-ratio\"><div class=\"wp-block-embed__wrapper\">\n<div class=\"nv-iframe-embed\"><iframe loading=\"lazy\" title=\"\ud83e\udd2f TOP 7 Atualiza\u00e7\u00f5es da Ferramenta CANVA. Voc\u00ea N\u00c3O pode Perder!\" width=\"1200\" height=\"675\" src=\"https:\/\/www.youtube.com\/embed\/r9unZgZKGJI?feature=oembed\" frameborder=\"0\" allow=\"accelerometer; autoplay; clipboard-write; encrypted-media; gyroscope; picture-in-picture; web-share\" allowfullscreen><\/iframe><\/div>\n<\/div><\/figure>\n<\/div>\n\n\n\n<div class=\"wp-block-column is-layout-flow wp-block-column-is-layout-flow\">\n<figure class=\"wp-block-embed is-type-rich is-provider-incorporar-manipulador wp-block-embed-incorporar-manipulador wp-embed-aspect-16-9 wp-has-aspect-ratio\"><div class=\"wp-block-embed__wrapper\">\n<div class=\"nv-iframe-embed\"><iframe loading=\"lazy\" title=\"\ud83d\udd25 FINALMENTE! Lan\u00e7amento Oficial do CANVA DOCS\" width=\"1200\" height=\"675\" src=\"https:\/\/www.youtube.com\/embed\/ilxTEP5_ShY?feature=oembed\" frameborder=\"0\" allow=\"accelerometer; autoplay; clipboard-write; encrypted-media; gyroscope; picture-in-picture; web-share\" allowfullscreen><\/iframe><\/div>\n<\/div><\/figure>\n<\/div>\n<\/div>\n","protected":false},"excerpt":{"rendered":"<p>Canva O Canva \u00e9 um editor gr\u00e1fico gratuito dispon\u00edvel online, ou para download gr\u00e1tis no celular Android ou iPhone (iOS). Saiba como usar o Canva no tutorial e veja 11 dicas que voc\u00ea precisa aprender. Vale lembrar que, al\u00e9m da vers\u00e3o gratuita, o Canva possui um plano pago, chamado de Canva Pro.Saiba mais: https:\/\/www.techtudo.com.br\/tudo-sobre\/canva\/ Encontro&hellip;&nbsp;<a href=\"https:\/\/grupolola.org\/index.php\/planejamento-pedagogico\/canva\/\" class=\"\" rel=\"bookmark\">Continue a ler &raquo;<span class=\"screen-reader-text\">Canva<\/span><\/a><\/p>\n","protected":false},"author":1,"featured_media":0,"parent":610,"menu_order":5,"comment_status":"closed","ping_status":"closed","template":"","meta":{"neve_meta_sidebar":"","neve_meta_container":"","neve_meta_enable_content_width":"","neve_meta_content_width":0,"neve_meta_title_alignment":"","neve_meta_author_avatar":"","neve_post_elements_order":"","neve_meta_disable_header":"","neve_meta_disable_footer":"","neve_meta_disable_title":"","footnotes":""},"_links":{"self":[{"href":"https:\/\/grupolola.org\/index.php\/wp-json\/wp\/v2\/pages\/671"}],"collection":[{"href":"https:\/\/grupolola.org\/index.php\/wp-json\/wp\/v2\/pages"}],"about":[{"href":"https:\/\/grupolola.org\/index.php\/wp-json\/wp\/v2\/types\/page"}],"author":[{"embeddable":true,"href":"https:\/\/grupolola.org\/index.php\/wp-json\/wp\/v2\/users\/1"}],"replies":[{"embeddable":true,"href":"https:\/\/grupolola.org\/index.php\/wp-json\/wp\/v2\/comments?post=671"}],"version-history":[{"count":2,"href":"https:\/\/grupolola.org\/index.php\/wp-json\/wp\/v2\/pages\/671\/revisions"}],"predecessor-version":[{"id":698,"href":"https:\/\/grupolola.org\/index.php\/wp-json\/wp\/v2\/pages\/671\/revisions\/698"}],"up":[{"embeddable":true,"href":"https:\/\/grupolola.org\/index.php\/wp-json\/wp\/v2\/pages\/610"}],"wp:attachment":[{"href":"https:\/\/grupolola.org\/index.php\/wp-json\/wp\/v2\/media?parent=671"}],"curies":[{"name":"wp","href":"https:\/\/api.w.org\/{rel}","templated":true}]}}