{"id":664,"date":"2023-11-20T10:02:40","date_gmt":"2023-11-20T13:02:40","guid":{"rendered":"https:\/\/grupolola.org\/?page_id=664"},"modified":"2023-11-20T10:30:57","modified_gmt":"2023-11-20T13:30:57","slug":"google-sites","status":"publish","type":"page","link":"https:\/\/grupolola.org\/index.php\/planejamento-pedagogico\/google-sites\/","title":{"rendered":"Google sites"},"content":{"rendered":"\n<div style=\"height:100px\" aria-hidden=\"true\" class=\"wp-block-spacer\"><\/div>\n\n\n\n<h1 class=\"wp-block-heading has-nv-site-bg-color has-text-color has-link-color wp-elements-e39ce032e1c7abd9f9e3f9a60286132c\">Google sites<\/h1>\n\n\n\n<div class=\"wp-block-columns is-layout-flex wp-container-core-columns-layout-1 wp-block-columns-is-layout-flex\">\n<div class=\"wp-block-column is-layout-flow wp-block-column-is-layout-flow\">\n<figure class=\"wp-block-image size-large is-resized\"><a href=\"https:\/\/edu.google.com\/intl\/ALL_br\/for-educators\/product-guides\/sites\/?modal_active=none\"><img loading=\"lazy\" decoding=\"async\" width=\"1024\" height=\"535\" src=\"https:\/\/grupolola.org\/wp-content\/uploads\/2023\/11\/googlesites-1-1024x535.png\" alt=\"\" class=\"wp-image-665\" style=\"width:217px;height:auto\" srcset=\"https:\/\/grupolola.org\/wp-content\/uploads\/2023\/11\/googlesites-1-1024x535.png 1024w, https:\/\/grupolola.org\/wp-content\/uploads\/2023\/11\/googlesites-1-300x157.png 300w, https:\/\/grupolola.org\/wp-content\/uploads\/2023\/11\/googlesites-1-768x401.png 768w, https:\/\/grupolola.org\/wp-content\/uploads\/2023\/11\/googlesites-1.png 1200w\" sizes=\"(max-width: 1024px) 100vw, 1024px\" \/><\/a><\/figure>\n<\/div>\n\n\n\n<div class=\"wp-block-column is-layout-flow wp-block-column-is-layout-flow\">\n<p>O <strong>Google Sites<\/strong> \u00e9 uma plataforma que permite que usu\u00e1rios criem p\u00e1ginas simples para seus projetos, empresas e times e as publique na web. A ferramenta oferece modelos prontos e o usu\u00e1rio precisa apenas editar o conte\u00fado, antes de publicar sua p\u00e1gina de forma simples e intuitiva.Fonte: <a href=\"https:\/\/www.remessaonline.com.br\/blog\/google-sites\/#:~:text=Resumindo-,O%20que%20%C3%A9%20Google%20Sites%3F,de%20forma%20simples%20e%20intuitiva\">https:\/\/www.remessaonline.com.br\/blog\/google-sites\/#:~:text=Resumindo-,O%20que%20%C3%A9%20Google%20Sites%3F,de%20forma%20simples%20e%20intuitiva<\/a>.<\/p>\n<\/div>\n<\/div>\n\n\n\n<div class=\"wp-block-columns is-layout-flex wp-container-core-columns-layout-2 wp-block-columns-is-layout-flex\">\n<div class=\"wp-block-column is-layout-flow wp-block-column-is-layout-flow\">\n<p>Parte 1<\/p>\n\n\n\n<figure class=\"wp-block-embed is-type-rich is-provider-incorporar-manipulador wp-block-embed-incorporar-manipulador wp-embed-aspect-16-9 wp-has-aspect-ratio\"><div class=\"wp-block-embed__wrapper\">\n<div class=\"nv-iframe-embed\"><iframe loading=\"lazy\" title=\"Google Sites - parte 1\" width=\"1200\" height=\"675\" src=\"https:\/\/www.youtube.com\/embed\/ha2ljHgf0yA?feature=oembed\" frameborder=\"0\" allow=\"accelerometer; autoplay; clipboard-write; encrypted-media; gyroscope; picture-in-picture; web-share\" allowfullscreen><\/iframe><\/div>\n<\/div><\/figure>\n<\/div>\n\n\n\n<div class=\"wp-block-column is-layout-flow wp-block-column-is-layout-flow\">\n<p>Parte 2<\/p>\n\n\n\n<figure class=\"wp-block-embed is-type-rich is-provider-incorporar-manipulador wp-block-embed-incorporar-manipulador wp-embed-aspect-16-9 wp-has-aspect-ratio\"><div class=\"wp-block-embed__wrapper\">\n<div class=\"nv-iframe-embed\"><iframe loading=\"lazy\" title=\"Google Sites - parte 2\" width=\"1200\" height=\"675\" src=\"https:\/\/www.youtube.com\/embed\/1Qb2U7NH_XQ?feature=oembed\" frameborder=\"0\" allow=\"accelerometer; autoplay; clipboard-write; encrypted-media; gyroscope; picture-in-picture; web-share\" allowfullscreen><\/iframe><\/div>\n<\/div><\/figure>\n<\/div>\n\n\n\n<div class=\"wp-block-column is-layout-flow wp-block-column-is-layout-flow\">\n<p>Parte 3<\/p>\n\n\n\n<figure class=\"wp-block-embed is-type-rich is-provider-incorporar-manipulador wp-block-embed-incorporar-manipulador wp-embed-aspect-16-9 wp-has-aspect-ratio\"><div class=\"wp-block-embed__wrapper\">\n<div class=\"nv-iframe-embed\"><iframe loading=\"lazy\" title=\"Google Sites - parte 3\" width=\"1200\" height=\"675\" src=\"https:\/\/www.youtube.com\/embed\/EX1OLFEusNg?feature=oembed\" frameborder=\"0\" allow=\"accelerometer; autoplay; clipboard-write; encrypted-media; gyroscope; picture-in-picture; web-share\" allowfullscreen><\/iframe><\/div>\n<\/div><\/figure>\n<\/div>\n<\/div>\n\n\n\n<h1 class=\"wp-block-heading has-nv-site-bg-color has-text-color has-link-color wp-elements-de795d5e2735cccfe65173887fab01bb\">Continue aprendendo&#8230;<\/h1>\n\n\n\n<div class=\"wp-block-columns is-layout-flex wp-container-core-columns-layout-3 wp-block-columns-is-layout-flex\">\n<div class=\"wp-block-column is-layout-flow wp-block-column-is-layout-flow\">\n<p><strong>COMO CRIAR SEU PORTFOLIO DIGITAL COM O GOOGLE SITES<\/strong><\/p>\n\n\n\n<figure class=\"wp-block-embed is-type-rich is-provider-incorporar-manipulador wp-block-embed-incorporar-manipulador wp-embed-aspect-16-9 wp-has-aspect-ratio\"><div class=\"wp-block-embed__wrapper\">\n<div class=\"nv-iframe-embed\"><iframe loading=\"lazy\" title=\"COMO CRIAR SEU PORTFOLIO DIGITAL COM O GOOGLE SITES\" width=\"1200\" height=\"675\" src=\"https:\/\/www.youtube.com\/embed\/3yq8k3uZOBw?feature=oembed\" frameborder=\"0\" allow=\"accelerometer; autoplay; clipboard-write; encrypted-media; gyroscope; picture-in-picture; web-share\" allowfullscreen><\/iframe><\/div>\n<\/div><\/figure>\n<\/div>\n\n\n\n<div class=\"wp-block-column is-layout-flow wp-block-column-is-layout-flow\">\n<p>PAVANELI, Camila F. D.; ALVES, Nathaly M. Uso da plataforma Google sites na educa\u00e7\u00e3o infantil: comunica\u00e7\u00e3o, registro e visibilidade do trabalho pedag\u00f3gico em um contexto pand\u00eamico.&nbsp; IN: GARCIA, Daniela N. de Moraes; FILHO, Paulo Alexandre; SANT&#8217;ANNA, Daniel Vieira; SANTOS, Douglas Cunha dos. (orgs). <strong>Educa\u00e7\u00e3o e tecnologias: pr\u00e1ticas em cen\u00e1rios disruptivos<\/strong> (p. 63- 78)<a href=\"https:\/\/books.google.com.br\/books?hl=pt-BR&amp;lr=&amp;id=5wCmEAAAQBAJ&amp;oi=fnd&amp;pg=PP1&amp;dq=%22google+sites+na+educa%C3%A7%C3%A3o%22&amp;ots=9kkClYGIyw&amp;sig=g7j8TgMdSVjp2yM54MjFHhyDrZM&amp;redir_esc=y#v=onepage&amp;q=%22google%20sites%20na%20educa%C3%A7%C3%A3o%22&amp;f=false\">https:\/\/books.google.com.br\/books?hl=pt-BR&amp;lr=&amp;id=5wCmEAAAQBAJ&amp;oi=fnd&amp;pg=PP1&amp;dq=%22google+sites+na+educa%C3%A7%C3%A3o%22&amp;ots=9kkClYGIyw&amp;sig=g7j8TgMdSVjp2yM54MjFHhyDrZM&amp;redir_esc=y#v=onepage&amp;q=%22google%20sites%20na%20educa%C3%A7%C3%A3o%22&amp;f=false<\/a><\/p>\n<\/div>\n\n\n\n<div class=\"wp-block-column is-layout-flow wp-block-column-is-layout-flow\">\n<p>Kucera C, Gomes AL do V, Ovens A, Bennett B. GOOGLE SITES COMO FERRAMENTA DE ENSINO DE EDUCA\u00c7\u00c3O F\u00cdSICA A DIST\u00c2NCIA EM TEMPOS DE COVID-19: PEDAGOGIA, ESTRAT\u00c9GIAS, REFLEX\u00d5ES E BARREIRAS DE UM PROFESSOR. Movimento [Internet]. 2022;28(Movimento, 2022 28).&nbsp;Available from: <a href=\"https:\/\/doi.org\/10.22456\/1982-8918.122688\">https:\/\/doi.org\/10.22456\/1982-8918.122688<\/a><\/p>\n<\/div>\n<\/div>\n","protected":false},"excerpt":{"rendered":"<p>Google sites O Google Sites \u00e9 uma plataforma que permite que usu\u00e1rios criem p\u00e1ginas simples para seus projetos, empresas e times e as publique na web. A ferramenta oferece modelos prontos e o usu\u00e1rio precisa apenas editar o conte\u00fado, antes de publicar sua p\u00e1gina de forma simples e intuitiva.Fonte: https:\/\/www.remessaonline.com.br\/blog\/google-sites\/#:~:text=Resumindo-,O%20que%20%C3%A9%20Google%20Sites%3F,de%20forma%20simples%20e%20intuitiva. Parte 1 Parte 2 Parte&hellip;&nbsp;<a href=\"https:\/\/grupolola.org\/index.php\/planejamento-pedagogico\/google-sites\/\" class=\"\" rel=\"bookmark\">Continue a ler &raquo;<span class=\"screen-reader-text\">Google sites<\/span><\/a><\/p>\n","protected":false},"author":1,"featured_media":0,"parent":610,"menu_order":4,"comment_status":"closed","ping_status":"closed","template":"","meta":{"neve_meta_sidebar":"","neve_meta_container":"","neve_meta_enable_content_width":"","neve_meta_content_width":0,"neve_meta_title_alignment":"","neve_meta_author_avatar":"","neve_post_elements_order":"","neve_meta_disable_header":"","neve_meta_disable_footer":"","neve_meta_disable_title":"","footnotes":""},"_links":{"self":[{"href":"https:\/\/grupolola.org\/index.php\/wp-json\/wp\/v2\/pages\/664"}],"collection":[{"href":"https:\/\/grupolola.org\/index.php\/wp-json\/wp\/v2\/pages"}],"about":[{"href":"https:\/\/grupolola.org\/index.php\/wp-json\/wp\/v2\/types\/page"}],"author":[{"embeddable":true,"href":"https:\/\/grupolola.org\/index.php\/wp-json\/wp\/v2\/users\/1"}],"replies":[{"embeddable":true,"href":"https:\/\/grupolola.org\/index.php\/wp-json\/wp\/v2\/comments?post=664"}],"version-history":[{"count":2,"href":"https:\/\/grupolola.org\/index.php\/wp-json\/wp\/v2\/pages\/664\/revisions"}],"predecessor-version":[{"id":697,"href":"https:\/\/grupolola.org\/index.php\/wp-json\/wp\/v2\/pages\/664\/revisions\/697"}],"up":[{"embeddable":true,"href":"https:\/\/grupolola.org\/index.php\/wp-json\/wp\/v2\/pages\/610"}],"wp:attachment":[{"href":"https:\/\/grupolola.org\/index.php\/wp-json\/wp\/v2\/media?parent=664"}],"curies":[{"name":"wp","href":"https:\/\/api.w.org\/{rel}","templated":true}]}}