{"id":647,"date":"2023-11-20T09:25:02","date_gmt":"2023-11-20T12:25:02","guid":{"rendered":"https:\/\/grupolola.org\/?page_id=647"},"modified":"2023-11-20T11:12:53","modified_gmt":"2023-11-20T14:12:53","slug":"google-apresentacoes-slides","status":"publish","type":"page","link":"https:\/\/grupolola.org\/index.php\/planejamento-pedagogico\/google-apresentacoes-slides\/","title":{"rendered":"Google Apresenta\u00e7\u00f5es (slides)"},"content":{"rendered":"\n<div style=\"height:100px\" aria-hidden=\"true\" class=\"wp-block-spacer\"><\/div>\n\n\n\n<h1 class=\"wp-block-heading has-nv-site-bg-color has-text-color has-link-color wp-elements-a5ec4692d7344637d6bb268499dcf3db\">Google Apresenta\u00e7\u00f5es (slides)<\/h1>\n\n\n\n<div class=\"wp-block-columns is-layout-flex wp-container-core-columns-layout-1 wp-block-columns-is-layout-flex\">\n<div class=\"wp-block-column is-layout-flow wp-block-column-is-layout-flow\" style=\"flex-basis:100%\"><\/div>\n<\/div>\n\n\n\n<div class=\"wp-block-columns is-layout-flex wp-container-core-columns-layout-2 wp-block-columns-is-layout-flex\">\n<div class=\"wp-block-column is-layout-flow wp-block-column-is-layout-flow\">\n<figure class=\"wp-block-image size-full is-resized\"><a href=\"https:\/\/workspace.google.com\/intl\/pt-BR\/products\/slides\/?utm_source=google&amp;utm_medium=cpc&amp;utm_campaign=latam-BR-all-pt-dr-bkws-all-all-trial-e-dr-1605540-LUAC0011914&amp;utm_content=text-ad-none-any-DEV_c-CRE_666246535372-ADGP_Hybrid%20%7C%20BKWS%20-%20EXA%20%7C%20Txt%20~%20Slides-KWID_43700057673113596-kwd-46671122961&amp;utm_term=KW_google%20slides-ST_google%20slides&amp;gad_source=1&amp;gclid=Cj0KCQiApOyqBhDlARIsAGfnyMqzoWjBL2HCT3tcNsjzcqQcks0s_2mBPBSaJsdKZTKwzEHubSCVFEwaAh50EALw_wcB&amp;gclsrc=aw.ds\"><img loading=\"lazy\" decoding=\"async\" width=\"860\" height=\"547\" src=\"https:\/\/grupolola.org\/wp-content\/uploads\/2023\/11\/googleslides-1.jpg\" alt=\"\" class=\"wp-image-648\" style=\"width:190px;height:auto\" srcset=\"https:\/\/grupolola.org\/wp-content\/uploads\/2023\/11\/googleslides-1.jpg 860w, https:\/\/grupolola.org\/wp-content\/uploads\/2023\/11\/googleslides-1-300x191.jpg 300w, https:\/\/grupolola.org\/wp-content\/uploads\/2023\/11\/googleslides-1-768x488.jpg 768w\" sizes=\"(max-width: 860px) 100vw, 860px\" \/><\/a><\/figure>\n<\/div>\n\n\n\n<div class=\"wp-block-column is-layout-flow wp-block-column-is-layout-flow\">\n<p><strong>Google apresenta\u00e7\u00f5es<\/strong> \u00e9 a ferramenta do pacote Google que permite criar e compartilhar apresenta\u00e7\u00f5es de slides, contando com as mesmas facilidades de salvamento autom\u00e1tico, compatibilidade com v\u00e1rios formatos e conjunto de recursos semelhantes \u00e0s demais ferramentas dispon\u00edveis.&nbsp;<\/p>\n<\/div>\n<\/div>\n\n\n\n<div style=\"height:100px\" aria-hidden=\"true\" class=\"wp-block-spacer\"><\/div>\n\n\n\n<div class=\"wp-block-columns is-layout-flex wp-container-core-columns-layout-3 wp-block-columns-is-layout-flex\">\n<div class=\"wp-block-column is-layout-flow wp-block-column-is-layout-flow\">\n<p><strong>Google Apresenta\u00e7\u00f5es &#8211; parte 1<\/strong><\/p>\n\n\n\n<figure class=\"wp-block-embed is-type-rich is-provider-incorporar-manipulador wp-block-embed-incorporar-manipulador wp-embed-aspect-16-9 wp-has-aspect-ratio\"><div class=\"wp-block-embed__wrapper\">\n<div class=\"nv-iframe-embed\"><iframe loading=\"lazy\" title=\"Google Apresenta\u00e7\u00f5es - Parte1\" width=\"1200\" height=\"675\" src=\"https:\/\/www.youtube.com\/embed\/FzvBbCKApek?feature=oembed\" frameborder=\"0\" allow=\"accelerometer; autoplay; clipboard-write; encrypted-media; gyroscope; picture-in-picture; web-share\" allowfullscreen><\/iframe><\/div>\n<\/div><\/figure>\n<\/div>\n\n\n\n<div class=\"wp-block-column is-layout-flow wp-block-column-is-layout-flow\">\n<p><strong>Google Apresenta\u00e7\u00f5es &#8211; parte <\/strong>2<\/p>\n\n\n\n<figure class=\"wp-block-embed is-type-rich is-provider-incorporar-manipulador wp-block-embed-incorporar-manipulador wp-embed-aspect-16-9 wp-has-aspect-ratio\"><div class=\"wp-block-embed__wrapper\">\n<div class=\"nv-iframe-embed\"><iframe loading=\"lazy\" title=\"Google Apresenta\u00e7\u00f5es - Parte 2\" width=\"1200\" height=\"675\" src=\"https:\/\/www.youtube.com\/embed\/Uk-w-HgH69g?feature=oembed\" frameborder=\"0\" allow=\"accelerometer; autoplay; clipboard-write; encrypted-media; gyroscope; picture-in-picture; web-share\" allowfullscreen><\/iframe><\/div>\n<\/div><\/figure>\n<\/div>\n<\/div>\n\n\n\n<div class=\"wp-block-columns is-layout-flex wp-container-core-columns-layout-4 wp-block-columns-is-layout-flex\">\n<div class=\"wp-block-column is-layout-flow wp-block-column-is-layout-flow\">\n<p><strong>Templates gratuitos para Google Apresenta\u00e7\u00f5es<\/strong><\/p>\n\n\n\n<figure class=\"wp-block-embed is-type-rich is-provider-incorporar-manipulador wp-block-embed-incorporar-manipulador wp-embed-aspect-16-9 wp-has-aspect-ratio\"><div class=\"wp-block-embed__wrapper\">\n<div class=\"nv-iframe-embed\"><iframe loading=\"lazy\" title=\"Templates gratuitos para Google Apresenta\u00e7\u00f5es\" width=\"1200\" height=\"675\" src=\"https:\/\/www.youtube.com\/embed\/LPnd6FbGHKA?feature=oembed\" frameborder=\"0\" allow=\"accelerometer; autoplay; clipboard-write; encrypted-media; gyroscope; picture-in-picture; web-share\" allowfullscreen><\/iframe><\/div>\n<\/div><\/figure>\n<\/div>\n\n\n\n<div class=\"wp-block-column is-layout-flow wp-block-column-is-layout-flow\">\n<p><strong>Como criar hist\u00f3ria em quadrinho &#8211; Google apresenta\u00e7\u00f5es e Pixton<\/strong><\/p>\n\n\n\n<figure class=\"wp-block-embed is-type-rich is-provider-incorporar-manipulador wp-block-embed-incorporar-manipulador wp-embed-aspect-16-9 wp-has-aspect-ratio\"><div class=\"wp-block-embed__wrapper\">\n<div class=\"nv-iframe-embed\"><iframe loading=\"lazy\" title=\"Como criar histo\u0301ria em quadrinho | Apresentac\u0327o\u0303es Google\" width=\"1200\" height=\"675\" src=\"https:\/\/www.youtube.com\/embed\/cwuqPTIbi6Q?feature=oembed\" frameborder=\"0\" allow=\"accelerometer; autoplay; clipboard-write; encrypted-media; gyroscope; picture-in-picture; web-share\" allowfullscreen><\/iframe><\/div>\n<\/div><\/figure>\n<\/div>\n<\/div>\n\n\n\n<h1 class=\"wp-block-heading has-text-align-center has-nv-site-bg-color has-text-color has-link-color has-x-large-font-size wp-elements-23486baa1d247c5294f2222b90ecb213\">Saiba mais&#8230;<\/h1>\n\n\n\n<p><\/p>\n\n\n\n<div class=\"wp-block-columns is-layout-flex wp-container-core-columns-layout-5 wp-block-columns-is-layout-flex\">\n<div class=\"wp-block-column is-layout-flow wp-block-column-is-layout-flow\">\n<p class=\"has-text-align-center has-custom-1-color has-nv-dark-bg-background-color has-text-color has-background has-link-color wp-elements-31c63c34cdac8c1be1423e68085235eb\">Slideo Go &#8211; <a href=\"https:\/\/slidesgo.com\/pt\/\">https:\/\/slidesgo.com\/pt\/<\/a>&nbsp;<\/p>\n<\/div>\n\n\n\n<div class=\"wp-block-column is-layout-flow wp-block-column-is-layout-flow\">\n<p class=\"has-text-align-center has-custom-1-color has-nv-dark-bg-background-color has-text-color has-background has-link-color wp-elements-88a4989963b1892bdb5c7e079003bb5a\">Carnival Slides &#8211; <a href=\"https:\/\/www.slidescarnival.com\/pt-br\">https:\/\/www.slidescarnival.com\/pt-br<\/a><\/p>\n<\/div>\n<\/div>\n\n\n\n<div class=\"wp-block-columns is-layout-flex wp-container-core-columns-layout-6 wp-block-columns-is-layout-flex\">\n<div class=\"wp-block-column is-layout-flow wp-block-column-is-layout-flow\">\n<p class=\"has-text-align-center has-custom-1-color has-nv-dark-bg-background-color has-text-color has-background has-link-color wp-elements-699a0403263253b96a262e239b6cc9c2\">Dicas e truques para fazer uma apresenta\u00e7\u00e3o no Google apresenta\u00e7\u00f5es <a href=\"https:\/\/blog.qinetwork.com.br\/5-truques-para-fazer-uma-apresentacao-campea-no-google-apresentacoes\/\">https:\/\/blog.qinetwork.com.br\/5-truques-para-fazer-uma-apresentacao-campea-no-google-apresentacoes\/<\/a><\/p>\n<\/div>\n\n\n\n<div class=\"wp-block-column is-layout-flow wp-block-column-is-layout-flow\">\n<p class=\"has-text-align-center has-custom-1-color has-nv-dark-bg-background-color has-text-color has-background has-link-color wp-elements-7b804a29a61fcb6f6636d64edebb6253\">Sobre o Google Slides <a href=\"https:\/\/hostbits.com.br\/blog\/google-slides\/\">https:\/\/hostbits.com.br\/blog\/google-slides\/<\/a><\/p>\n<\/div>\n<\/div>\n\n\n\n<p><\/p>\n","protected":false},"excerpt":{"rendered":"<p>Google Apresenta\u00e7\u00f5es (slides) Google apresenta\u00e7\u00f5es \u00e9 a ferramenta do pacote Google que permite criar e compartilhar apresenta\u00e7\u00f5es de slides, contando com as mesmas facilidades de salvamento autom\u00e1tico, compatibilidade com v\u00e1rios formatos e conjunto de recursos semelhantes \u00e0s demais ferramentas dispon\u00edveis.&nbsp; Google Apresenta\u00e7\u00f5es &#8211; parte 1 Google Apresenta\u00e7\u00f5es &#8211; parte 2 Templates gratuitos para Google Apresenta\u00e7\u00f5es&hellip;&nbsp;<a href=\"https:\/\/grupolola.org\/index.php\/planejamento-pedagogico\/google-apresentacoes-slides\/\" class=\"\" rel=\"bookmark\">Continue a ler &raquo;<span class=\"screen-reader-text\">Google Apresenta\u00e7\u00f5es (slides)<\/span><\/a><\/p>\n","protected":false},"author":1,"featured_media":0,"parent":610,"menu_order":3,"comment_status":"closed","ping_status":"closed","template":"","meta":{"neve_meta_sidebar":"","neve_meta_container":"","neve_meta_enable_content_width":"","neve_meta_content_width":0,"neve_meta_title_alignment":"","neve_meta_author_avatar":"","neve_post_elements_order":"","neve_meta_disable_header":"","neve_meta_disable_footer":"","neve_meta_disable_title":"","footnotes":""},"_links":{"self":[{"href":"https:\/\/grupolola.org\/index.php\/wp-json\/wp\/v2\/pages\/647"}],"collection":[{"href":"https:\/\/grupolola.org\/index.php\/wp-json\/wp\/v2\/pages"}],"about":[{"href":"https:\/\/grupolola.org\/index.php\/wp-json\/wp\/v2\/types\/page"}],"author":[{"embeddable":true,"href":"https:\/\/grupolola.org\/index.php\/wp-json\/wp\/v2\/users\/1"}],"replies":[{"embeddable":true,"href":"https:\/\/grupolola.org\/index.php\/wp-json\/wp\/v2\/comments?post=647"}],"version-history":[{"count":6,"href":"https:\/\/grupolola.org\/index.php\/wp-json\/wp\/v2\/pages\/647\/revisions"}],"predecessor-version":[{"id":706,"href":"https:\/\/grupolola.org\/index.php\/wp-json\/wp\/v2\/pages\/647\/revisions\/706"}],"up":[{"embeddable":true,"href":"https:\/\/grupolola.org\/index.php\/wp-json\/wp\/v2\/pages\/610"}],"wp:attachment":[{"href":"https:\/\/grupolola.org\/index.php\/wp-json\/wp\/v2\/media?parent=647"}],"curies":[{"name":"wp","href":"https:\/\/api.w.org\/{rel}","templated":true}]}}