{"id":640,"date":"2023-11-20T09:16:21","date_gmt":"2023-11-20T12:16:21","guid":{"rendered":"https:\/\/grupolola.org\/?page_id=640"},"modified":"2023-11-20T11:12:58","modified_gmt":"2023-11-20T14:12:58","slug":"google-drive","status":"publish","type":"page","link":"https:\/\/grupolola.org\/index.php\/planejamento-pedagogico\/google-drive\/","title":{"rendered":"Google Drive"},"content":{"rendered":"\n<div style=\"height:100px\" aria-hidden=\"true\" class=\"wp-block-spacer\"><\/div>\n\n\n\n<h1 class=\"wp-block-heading has-nv-site-bg-color has-text-color has-link-color wp-elements-e30078532dce7336836fb06972622d53\">Google Drive<\/h1>\n\n\n\n<div class=\"wp-block-columns is-layout-flex wp-container-core-columns-layout-1 wp-block-columns-is-layout-flex\">\n<div class=\"wp-block-column is-layout-flow wp-block-column-is-layout-flow\">\n<figure class=\"wp-block-image size-large is-resized\"><img decoding=\"async\" src=\"https:\/\/grupodepesquisalola.files.wordpress.com\/2023\/11\/google_drive-1.jpg?w=866\" alt=\"\" class=\"wp-image-362\" style=\"width:168px;height:auto\"\/><\/figure>\n<\/div>\n\n\n\n<div class=\"wp-block-column is-layout-flow wp-block-column-is-layout-flow\">\n<p><strong>Google Drive \u00e9 um servi\u00e7o de armazenamento em nuvem oferecido pelo Google<\/strong>, respons\u00e1vel por sincronizar seus arquivos entre diferentes dispositivos e m\u00e1quinas pela internet. Ele permite que os usu\u00e1rios enviem e armazenem os arquivos na plataforma, podendo acess\u00e1-los de qualquer lugar. \u00c9 um servi\u00e7o com planos gratuitos e de assinatura.<\/p>\n<\/div>\n<\/div>\n\n\n\n<p><\/p>\n\n\n\n<p>Fonte: <a href=\"https:\/\/www.remessaonline.com.br\/blog\/google-drive\/\">https:\/\/www.remessaonline.com.br\/blog\/google-drive\/<\/a><\/p>\n\n\n\n<div class=\"wp-block-columns is-layout-flex wp-container-core-columns-layout-2 wp-block-columns-is-layout-flex\">\n<div class=\"wp-block-column is-layout-flow wp-block-column-is-layout-flow\">\n<p>FORMA\u00c7\u00c3O &#8211; PARTE 1<\/p>\n\n\n\n<figure class=\"wp-block-embed is-type-rich is-provider-incorporar-manipulador wp-block-embed-incorporar-manipulador wp-embed-aspect-16-9 wp-has-aspect-ratio\"><div class=\"wp-block-embed__wrapper\">\n<div class=\"nv-iframe-embed\"><iframe loading=\"lazy\" title=\"Google Drive  - Parte 1\" width=\"1200\" height=\"675\" src=\"https:\/\/www.youtube.com\/embed\/oywpEOBNO_Y?feature=oembed\" frameborder=\"0\" allow=\"accelerometer; autoplay; clipboard-write; encrypted-media; gyroscope; picture-in-picture; web-share\" allowfullscreen><\/iframe><\/div>\n<\/div><\/figure>\n<\/div>\n\n\n\n<div class=\"wp-block-column is-layout-flow wp-block-column-is-layout-flow\">\n<p>FORMA\u00c7\u00c3O &#8211; PARTE 2<\/p>\n\n\n\n<figure class=\"wp-block-embed is-type-rich is-provider-incorporar-manipulador wp-block-embed-incorporar-manipulador wp-embed-aspect-16-9 wp-has-aspect-ratio\"><div class=\"wp-block-embed__wrapper\">\n<div class=\"nv-iframe-embed\"><iframe loading=\"lazy\" title=\"Google Drive  - Parte 2\" width=\"1200\" height=\"675\" src=\"https:\/\/www.youtube.com\/embed\/etltTFxUeh0?feature=oembed\" frameborder=\"0\" allow=\"accelerometer; autoplay; clipboard-write; encrypted-media; gyroscope; picture-in-picture; web-share\" allowfullscreen><\/iframe><\/div>\n<\/div><\/figure>\n<\/div>\n<\/div>\n\n\n\n<h1 class=\"wp-block-heading has-text-align-center\" style=\"font-size:37px\"><mark style=\"background-color:rgba(0, 0, 0, 0)\" class=\"has-inline-color has-background-color\">Saiba mais&#8230;<\/mark><\/h1>\n\n\n\n<div class=\"wp-block-columns alignwide is-layout-flex wp-container-core-columns-layout-3 wp-block-columns-is-layout-flex\">\n<div class=\"wp-block-column is-layout-flow wp-block-column-is-layout-flow\">\n<figure class=\"wp-block-embed is-type-rich is-provider-incorporar-manipulador wp-block-embed-incorporar-manipulador wp-embed-aspect-16-9 wp-has-aspect-ratio\"><div class=\"wp-block-embed__wrapper\">\n<div class=\"nv-iframe-embed\"><iframe loading=\"lazy\" title=\"Google Drive - TUTORIAL COMPLETO \u2502 Como usar o armazenamento em nuvem\" width=\"1200\" height=\"900\" src=\"https:\/\/www.youtube.com\/embed\/oeAYce7Qgq4?feature=oembed\" frameborder=\"0\" allow=\"accelerometer; autoplay; clipboard-write; encrypted-media; gyroscope; picture-in-picture; web-share\" allowfullscreen><\/iframe><\/div>\n<\/div><\/figure>\n<\/div>\n\n\n\n<div class=\"wp-block-column is-layout-flow wp-block-column-is-layout-flow\">\n<figure class=\"wp-block-embed is-type-video is-provider-youtube wp-block-embed-youtube wp-embed-aspect-16-9 wp-has-aspect-ratio\"><div class=\"wp-block-embed__wrapper\">\n<div class=\"nv-iframe-embed\"><iframe loading=\"lazy\" title=\"O que \u00e9 e como usar o Google Drive?\" width=\"1200\" height=\"675\" src=\"https:\/\/www.youtube.com\/embed\/qvVuGhvE3EI?feature=oembed\" frameborder=\"0\" allow=\"accelerometer; autoplay; clipboard-write; encrypted-media; gyroscope; picture-in-picture; web-share\" allowfullscreen><\/iframe><\/div>\n<\/div><\/figure>\n<\/div>\n<\/div>\n\n\n\n<div class=\"wp-block-columns alignwide is-layout-flex wp-container-core-columns-layout-4 wp-block-columns-is-layout-flex\">\n<div class=\"wp-block-column is-layout-flow wp-block-column-is-layout-flow\">\n<p><a href=\"https:\/\/cietenped.ufscar.br\/submissao\/index.php\/2018\/article\/download\/606\/652\/#:~:text=O%20google%20drive%20permite%20que,realizadas%20pelos%20alunos%20%E2%80%93%20Professor%201\">Uso do Google Drive como recurso pedag\u00f3gico no processo de ensino e aprendizagem<\/a>.&nbsp;<\/p>\n<\/div>\n\n\n\n<div class=\"wp-block-column is-layout-flow wp-block-column-is-layout-flow\">\n<p><a href=\"http:\/\/seer.upf.br\/index.php\/rep\/article\/view\/11230\/114116805\">Pr\u00e1ticas colaborativas com o uso de artefatos: o Google Drive como estrat\u00e9gia para apropria\u00e7\u00e3o dos conceitos.<\/a> <\/p>\n<\/div>\n\n\n\n<div class=\"wp-block-column is-layout-flow wp-block-column-is-layout-flow\">\n<p><a href=\"http:\/\/sys.facos.edu.br\/ojs\/index.php\/trajetoria\/article\/view\/573\/467\">Computa\u00e7\u00e3o em nuvem: um estudo sobre o Google Drive como ferramenta colaborativa aplicada \u00e0 educa\u00e7\u00e3o.&nbsp;<\/a><\/p>\n<\/div>\n<\/div>\n","protected":false},"excerpt":{"rendered":"<p>Google Drive Google Drive \u00e9 um servi\u00e7o de armazenamento em nuvem oferecido pelo Google, respons\u00e1vel por sincronizar seus arquivos entre diferentes dispositivos e m\u00e1quinas pela internet. Ele permite que os usu\u00e1rios enviem e armazenem os arquivos na plataforma, podendo acess\u00e1-los de qualquer lugar. \u00c9 um servi\u00e7o com planos gratuitos e de assinatura. Fonte: https:\/\/www.remessaonline.com.br\/blog\/google-drive\/ FORMA\u00c7\u00c3O&hellip;&nbsp;<a href=\"https:\/\/grupolola.org\/index.php\/planejamento-pedagogico\/google-drive\/\" class=\"\" rel=\"bookmark\">Continue a ler &raquo;<span class=\"screen-reader-text\">Google Drive<\/span><\/a><\/p>\n","protected":false},"author":1,"featured_media":0,"parent":610,"menu_order":2,"comment_status":"closed","ping_status":"closed","template":"","meta":{"neve_meta_sidebar":"","neve_meta_container":"","neve_meta_enable_content_width":"","neve_meta_content_width":0,"neve_meta_title_alignment":"","neve_meta_author_avatar":"","neve_post_elements_order":"","neve_meta_disable_header":"","neve_meta_disable_footer":"","neve_meta_disable_title":"","footnotes":""},"_links":{"self":[{"href":"https:\/\/grupolola.org\/index.php\/wp-json\/wp\/v2\/pages\/640"}],"collection":[{"href":"https:\/\/grupolola.org\/index.php\/wp-json\/wp\/v2\/pages"}],"about":[{"href":"https:\/\/grupolola.org\/index.php\/wp-json\/wp\/v2\/types\/page"}],"author":[{"embeddable":true,"href":"https:\/\/grupolola.org\/index.php\/wp-json\/wp\/v2\/users\/1"}],"replies":[{"embeddable":true,"href":"https:\/\/grupolola.org\/index.php\/wp-json\/wp\/v2\/comments?post=640"}],"version-history":[{"count":4,"href":"https:\/\/grupolola.org\/index.php\/wp-json\/wp\/v2\/pages\/640\/revisions"}],"predecessor-version":[{"id":705,"href":"https:\/\/grupolola.org\/index.php\/wp-json\/wp\/v2\/pages\/640\/revisions\/705"}],"up":[{"embeddable":true,"href":"https:\/\/grupolola.org\/index.php\/wp-json\/wp\/v2\/pages\/610"}],"wp:attachment":[{"href":"https:\/\/grupolola.org\/index.php\/wp-json\/wp\/v2\/media?parent=640"}],"curies":[{"name":"wp","href":"https:\/\/api.w.org\/{rel}","templated":true}]}}