{"id":610,"date":"2023-11-20T08:34:58","date_gmt":"2023-11-20T11:34:58","guid":{"rendered":"https:\/\/grupolola.org\/?page_id=610"},"modified":"2023-11-29T10:07:29","modified_gmt":"2023-11-29T13:07:29","slug":"planejamento-pedagogico","status":"publish","type":"page","link":"https:\/\/grupolola.org\/index.php\/planejamento-pedagogico\/","title":{"rendered":"Planejamento pedag\u00f3gico"},"content":{"rendered":"\n<div style=\"height:100px\" aria-hidden=\"true\" class=\"wp-block-spacer\"><\/div>\n\n\n\n<h1 class=\"wp-block-heading has-nv-site-bg-color has-text-color has-link-color has-large-font-size wp-elements-f3c5b77bbb192e4a6f57a3c71e29599a\">Planejamento pedag\u00f3gico e Tecnologias de Ensino<\/h1>\n\n\n\n<h3 class=\"wp-block-heading has-neve-text-color-color has-text-color has-link-color has-medium-font-size wp-elements-7f90d209dd416f42c229649ed930f0e3\" style=\"font-style:normal;font-weight:300\">Como parte do Projeto &#8220;Trabalho docente nas tecnologias visuais: uma pesquisa-forma\u00e7\u00e3o no contexto da educa\u00e7\u00e3o 4.0 e da pandemia&#8221; a forma\u00e7\u00e3o foi ministrada em Mar\u00e7o de 2023 e voc\u00ea pode assistir aos encontros gravados aqui na nossa plataforma<\/h3>\n\n\n\n<div style=\"height:75px\" aria-hidden=\"true\" class=\"wp-block-spacer\"><\/div>\n\n\n\n<div class=\"wp-block-columns is-layout-flex wp-container-core-columns-layout-1 wp-block-columns-is-layout-flex\">\n<div class=\"wp-block-column is-layout-flow wp-block-column-is-layout-flow\">\n<p class=\"has-nv-site-bg-color has-text-color has-link-color has-medium-font-size wp-elements-3b02d83ee298dcc3fff84fe1c08b4e37\">Encontro 1 &#8211; 6\/3\/2023<\/p>\n\n\n\n<figure class=\"wp-block-embed is-type-rich is-provider-incorporar-manipulador wp-block-embed-incorporar-manipulador wp-embed-aspect-16-9 wp-has-aspect-ratio\"><div class=\"wp-block-embed__wrapper\">\n<div class=\"nv-iframe-embed\"><iframe loading=\"lazy\" title=\"Encontro 1 - Abertura\" width=\"1200\" height=\"675\" src=\"https:\/\/www.youtube.com\/embed\/e3Gy_f3kLSY?feature=oembed\" frameborder=\"0\" allow=\"accelerometer; autoplay; clipboard-write; encrypted-media; gyroscope; picture-in-picture; web-share\" allowfullscreen><\/iframe><\/div>\n<\/div><\/figure>\n<\/div>\n\n\n\n<div class=\"wp-block-column is-layout-flow wp-block-column-is-layout-flow\">\n<p class=\"has-nv-site-bg-color has-text-color has-link-color has-medium-font-size wp-elements-fb08c9b5efb46119eefad5b90f6c8b40\">Encontro 2 &#8211; 13\/3\/2023<\/p>\n\n\n\n<figure class=\"wp-block-embed is-type-rich is-provider-incorporar-manipulador wp-block-embed-incorporar-manipulador wp-embed-aspect-16-9 wp-has-aspect-ratio\"><div class=\"wp-block-embed__wrapper\">\n<div class=\"nv-iframe-embed\"><iframe loading=\"lazy\" title=\"Encontro 2\" width=\"1200\" height=\"675\" src=\"https:\/\/www.youtube.com\/embed\/bJeUwny-D1M?feature=oembed\" frameborder=\"0\" allow=\"accelerometer; autoplay; clipboard-write; encrypted-media; gyroscope; picture-in-picture; web-share\" allowfullscreen><\/iframe><\/div>\n<\/div><\/figure>\n<\/div>\n\n\n\n<div class=\"wp-block-column is-layout-flow wp-block-column-is-layout-flow\">\n<p class=\"has-nv-site-bg-color has-text-color has-link-color has-medium-font-size wp-elements-eaf65e61f86ade815b1ebf43aebfd01c\">Encontro 20\/3\/2023<\/p>\n\n\n\n<figure class=\"wp-block-embed is-type-rich is-provider-incorporar-manipulador wp-block-embed-incorporar-manipulador wp-embed-aspect-16-9 wp-has-aspect-ratio\"><div class=\"wp-block-embed__wrapper\">\n<div class=\"nv-iframe-embed\"><iframe loading=\"lazy\" title=\"Encontro 3\" width=\"1200\" height=\"675\" src=\"https:\/\/www.youtube.com\/embed\/2hZGahTLPuE?feature=oembed\" frameborder=\"0\" allow=\"accelerometer; autoplay; clipboard-write; encrypted-media; gyroscope; picture-in-picture; web-share\" allowfullscreen><\/iframe><\/div>\n<\/div><\/figure>\n<\/div>\n<\/div>\n\n\n\n<div style=\"height:51px\" aria-hidden=\"true\" class=\"wp-block-spacer\"><\/div>\n\n\n\n<div class=\"wp-block-group alignfull has-foreground-color has-tertiary-background-color has-text-color has-background has-link-color wp-elements-50c8525ac7a02ccc1a39a9f56197a84c is-layout-constrained wp-block-group-is-layout-constrained\" style=\"padding-top:var(--wp--preset--spacing--80);padding-right:var(--wp--preset--spacing--50);padding-bottom:var(--wp--preset--spacing--80);padding-left:var(--wp--preset--spacing--50)\"><div class=\"wp-block-group__inner-container\">\n<div class=\"wp-block-group is-layout-constrained wp-block-group-is-layout-constrained\"><div class=\"wp-block-group__inner-container\">\n<h1 class=\"wp-block-heading has-text-align-center has-nv-site-bg-color has-text-color has-link-color has-x-large-font-size wp-elements-02a54a274f51a4013ec3d7f5ca1b3a47\" style=\"line-height:1.1\">Aprenda e crie mais <\/h1>\n\n\n\n<h3 class=\"wp-block-heading has-text-align-center has-nv-site-bg-color has-text-color has-link-color has-medium-font-size wp-elements-25a7e8a7a827146f77c4eb1eb9332ec6\">Assista as aulas da forma\u00e7\u00e3o sobre cada uma das ferramentas<\/h3>\n<\/div><\/div>\n\n\n\n<div class=\"wp-block-group alignwide is-content-justification-center is-layout-flex wp-container-core-group-layout-2 wp-block-group-is-layout-flex\">\n<figure class=\"wp-block-image size-large is-resized\"><a href=\"https:\/\/grupolola.org\/index.php\/planejamento-pedagogico\/orientacoes-iniciais\/\"><img decoding=\"async\" src=\"https:\/\/grupodepesquisalola.files.wordpress.com\/2023\/11\/google.png?w=1024\" alt=\"\" class=\"wp-image-329\" style=\"width:148px;height:auto\"\/><\/a><\/figure>\n\n\n\n<figure class=\"wp-block-image size-full is-resized\"><a href=\"https:\/\/grupolola.org\/index.php\/planejamento-pedagogico\/google-drive\/\"><img loading=\"lazy\" decoding=\"async\" width=\"500\" height=\"500\" src=\"https:\/\/grupolola.org\/wp-content\/uploads\/2023\/11\/googledrivetransp-4.png\" alt=\"\" class=\"wp-image-1118\" style=\"width:131px;height:auto\" srcset=\"https:\/\/grupolola.org\/wp-content\/uploads\/2023\/11\/googledrivetransp-4.png 500w, https:\/\/grupolola.org\/wp-content\/uploads\/2023\/11\/googledrivetransp-4-300x300.png 300w, https:\/\/grupolola.org\/wp-content\/uploads\/2023\/11\/googledrivetransp-4-150x150.png 150w\" sizes=\"(max-width: 500px) 100vw, 500px\" \/><\/a><\/figure>\n\n\n\n<figure class=\"wp-block-image size-full is-resized\"><a href=\"https:\/\/grupolola.org\/index.php\/planejamento-pedagogico\/google-apresentacoes-slides\/\"><img loading=\"lazy\" decoding=\"async\" width=\"1014\" height=\"976\" src=\"https:\/\/grupolola.org\/wp-content\/uploads\/2023\/11\/googleslidestransp.png\" alt=\"\" class=\"wp-image-1086\" style=\"width:123px;height:auto\" srcset=\"https:\/\/grupolola.org\/wp-content\/uploads\/2023\/11\/googleslidestransp.png 1014w, https:\/\/grupolola.org\/wp-content\/uploads\/2023\/11\/googleslidestransp-300x289.png 300w, https:\/\/grupolola.org\/wp-content\/uploads\/2023\/11\/googleslidestransp-150x144.png 150w, https:\/\/grupolola.org\/wp-content\/uploads\/2023\/11\/googleslidestransp-768x739.png 768w\" sizes=\"(max-width: 1014px) 100vw, 1014px\" \/><\/a><\/figure>\n\n\n\n<figure class=\"wp-block-image size-full is-resized\"><a href=\"https:\/\/grupolola.org\/index.php\/planejamento-pedagogico\/google-sites\/\"><img loading=\"lazy\" decoding=\"async\" width=\"500\" height=\"500\" src=\"https:\/\/grupolola.org\/wp-content\/uploads\/2023\/11\/googlesitestransp-3.png\" alt=\"\" class=\"wp-image-1122\" style=\"width:136px;height:auto\" srcset=\"https:\/\/grupolola.org\/wp-content\/uploads\/2023\/11\/googlesitestransp-3.png 500w, https:\/\/grupolola.org\/wp-content\/uploads\/2023\/11\/googlesitestransp-3-300x300.png 300w, https:\/\/grupolola.org\/wp-content\/uploads\/2023\/11\/googlesitestransp-3-150x150.png 150w\" sizes=\"(max-width: 500px) 100vw, 500px\" \/><\/a><\/figure>\n\n\n\n<figure class=\"wp-block-image size-full is-resized\"><a href=\"https:\/\/grupolola.org\/index.php\/planejamento-pedagogico\/google-arte-e-cultura\/\"><img loading=\"lazy\" decoding=\"async\" width=\"500\" height=\"500\" src=\"https:\/\/grupolola.org\/wp-content\/uploads\/2023\/11\/Google-Arts-Culture-2.png\" alt=\"\" class=\"wp-image-1128\" style=\"width:158px;height:auto\" srcset=\"https:\/\/grupolola.org\/wp-content\/uploads\/2023\/11\/Google-Arts-Culture-2.png 500w, https:\/\/grupolola.org\/wp-content\/uploads\/2023\/11\/Google-Arts-Culture-2-300x300.png 300w, https:\/\/grupolola.org\/wp-content\/uploads\/2023\/11\/Google-Arts-Culture-2-150x150.png 150w\" sizes=\"(max-width: 500px) 100vw, 500px\" \/><\/a><\/figure>\n<\/div>\n\n\n\n<div class=\"wp-block-group alignwide is-content-justification-center is-layout-flex wp-container-core-group-layout-3 wp-block-group-is-layout-flex\">\n<figure class=\"wp-block-image size-large is-resized\"><a href=\"https:\/\/grupolola.org\/index.php\/planejamento-pedagogico\/canva\/\"><img decoding=\"async\" src=\"https:\/\/grupodepesquisalola.files.wordpress.com\/2023\/11\/canva.png?w=1024\" alt=\"\" class=\"wp-image-334\" style=\"width:123px;height:auto\"\/><\/a><\/figure>\n\n\n\n<figure class=\"wp-block-image size-full is-resized\"><a href=\"https:\/\/grupolola.org\/index.php\/planejamento-pedagogico\/wakelet\/\"><img loading=\"lazy\" decoding=\"async\" width=\"500\" height=\"500\" src=\"https:\/\/grupolola.org\/wp-content\/uploads\/2023\/11\/wakelettranps.png\" alt=\"\" class=\"wp-image-1109\" style=\"width:210px;height:auto\" srcset=\"https:\/\/grupolola.org\/wp-content\/uploads\/2023\/11\/wakelettranps.png 500w, https:\/\/grupolola.org\/wp-content\/uploads\/2023\/11\/wakelettranps-300x300.png 300w, https:\/\/grupolola.org\/wp-content\/uploads\/2023\/11\/wakelettranps-150x150.png 150w\" sizes=\"(max-width: 500px) 100vw, 500px\" \/><\/a><\/figure>\n\n\n\n<figure class=\"wp-block-image size-large is-resized\"><a href=\"https:\/\/grupolola.org\/index.php\/planejamento-pedagogico\/genially\/\"><img decoding=\"async\" src=\"https:\/\/grupodepesquisalola.files.wordpress.com\/2023\/11\/genially-logo.png?w=300\" alt=\"\" class=\"wp-image-336\" style=\"width:200px;height:undefinedpx\"\/><\/a><\/figure>\n<\/div>\n<\/div><\/div>\n\n\n\n<h1 class=\"wp-block-heading has-nv-site-bg-color has-text-color has-link-color has-large-font-size wp-elements-70959867aef5c358deb4975cdc3b4167\">Ministrantes<\/h1>\n\n\n\n<div class=\"wp-block-columns is-layout-flex wp-container-core-columns-layout-2 wp-block-columns-is-layout-flex\">\n<div class=\"wp-block-column is-layout-flow wp-block-column-is-layout-flow\">\n<div class=\"wp-block-media-text is-stacked-on-mobile\" style=\"grid-template-columns:40% auto\"><figure class=\"wp-block-media-text__media\"><img loading=\"lazy\" decoding=\"async\" width=\"874\" height=\"1024\" src=\"https:\/\/grupolola.org\/wp-content\/uploads\/2023\/11\/Prof.-Msc.-Jones-Quadros-da-Silva-1-874x1024.jpg\" alt=\"\" class=\"wp-image-1115 size-full\" srcset=\"https:\/\/grupolola.org\/wp-content\/uploads\/2023\/11\/Prof.-Msc.-Jones-Quadros-da-Silva-1-874x1024.jpg 874w, https:\/\/grupolola.org\/wp-content\/uploads\/2023\/11\/Prof.-Msc.-Jones-Quadros-da-Silva-1-256x300.jpg 256w, https:\/\/grupolola.org\/wp-content\/uploads\/2023\/11\/Prof.-Msc.-Jones-Quadros-da-Silva-1-128x150.jpg 128w, https:\/\/grupolola.org\/wp-content\/uploads\/2023\/11\/Prof.-Msc.-Jones-Quadros-da-Silva-1-768x900.jpg 768w, https:\/\/grupolola.org\/wp-content\/uploads\/2023\/11\/Prof.-Msc.-Jones-Quadros-da-Silva-1-1311x1536.jpg 1311w, https:\/\/grupolola.org\/wp-content\/uploads\/2023\/11\/Prof.-Msc.-Jones-Quadros-da-Silva-1.jpg 1366w\" sizes=\"(max-width: 874px) 100vw, 874px\" \/><\/figure><div class=\"wp-block-media-text__content\">\n<h4 class=\"wp-block-heading has-nv-site-bg-color has-text-color has-link-color has-medium-font-size wp-elements-8aa4499c661124417ddfd5fa2111b428\" style=\"font-style:normal;font-weight:400\">Prof. Msc. Jones Quadros da Silva<\/h4>\n\n\n\n<p><a href=\"http:\/\/lattes.cnpq.br\/0212879781279546\" target=\"_blank\" rel=\"noreferrer noopener\">http:\/\/lattes.cnpq.br\/0212879781279546<\/a>&nbsp;<\/p>\n\n\n\n<p>E-mail: jones@asav.org.br<\/p>\n<\/div><\/div>\n<\/div>\n\n\n\n<div class=\"wp-block-column is-layout-flow wp-block-column-is-layout-flow\">\n<div class=\"wp-block-media-text is-stacked-on-mobile\" style=\"grid-template-columns:36% auto\"><figure class=\"wp-block-media-text__media\"><img loading=\"lazy\" decoding=\"async\" width=\"769\" height=\"1024\" src=\"https:\/\/grupolola.org\/wp-content\/uploads\/2023\/11\/Prof.-Dra.-Maira-Bernardi-2.jpg\" alt=\"\" class=\"wp-image-1114 size-full\" srcset=\"https:\/\/grupolola.org\/wp-content\/uploads\/2023\/11\/Prof.-Dra.-Maira-Bernardi-2.jpg 769w, https:\/\/grupolola.org\/wp-content\/uploads\/2023\/11\/Prof.-Dra.-Maira-Bernardi-2-225x300.jpg 225w, https:\/\/grupolola.org\/wp-content\/uploads\/2023\/11\/Prof.-Dra.-Maira-Bernardi-2-113x150.jpg 113w\" sizes=\"(max-width: 769px) 100vw, 769px\" \/><\/figure><div class=\"wp-block-media-text__content\">\n<h4 class=\"wp-block-heading has-nv-site-bg-color has-text-color has-link-color has-medium-font-size wp-elements-5493bc4317a3dc001b63bbd0df2844a6\" style=\"font-style:normal;font-weight:400\">Prof. Dra. Maira Bernardi<\/h4>\n\n\n\n<p><a href=\"http:\/\/lattes.cnpq.br\/0575032423607374\" target=\"_blank\" rel=\"noreferrer noopener\">http:\/\/lattes.cnpq.br\/0575032423607374<\/a><\/p>\n\n\n\n<p>E-mail: mairaber@asav.org.br<\/p>\n<\/div><\/div>\n<\/div>\n<\/div>\n","protected":false},"excerpt":{"rendered":"<p>Planejamento pedag\u00f3gico e Tecnologias de Ensino Como parte do Projeto &#8220;Trabalho docente nas tecnologias visuais: uma pesquisa-forma\u00e7\u00e3o no contexto da educa\u00e7\u00e3o 4.0 e da pandemia&#8221; a forma\u00e7\u00e3o foi ministrada em Mar\u00e7o de 2023 e voc\u00ea pode assistir aos encontros gravados aqui na nossa plataforma Encontro 1 &#8211; 6\/3\/2023 Encontro 2 &#8211; 13\/3\/2023 Encontro 20\/3\/2023 Aprenda&hellip;&nbsp;<a href=\"https:\/\/grupolola.org\/index.php\/planejamento-pedagogico\/\" class=\"\" rel=\"bookmark\">Continue a ler &raquo;<span class=\"screen-reader-text\">Planejamento pedag\u00f3gico<\/span><\/a><\/p>\n","protected":false},"author":1,"featured_media":0,"parent":0,"menu_order":0,"comment_status":"closed","ping_status":"closed","template":"","meta":{"neve_meta_sidebar":"","neve_meta_container":"","neve_meta_enable_content_width":"on","neve_meta_content_width":0,"neve_meta_title_alignment":"","neve_meta_author_avatar":"","neve_post_elements_order":"","neve_meta_disable_header":"","neve_meta_disable_footer":"","neve_meta_disable_title":"","footnotes":""},"_links":{"self":[{"href":"https:\/\/grupolola.org\/index.php\/wp-json\/wp\/v2\/pages\/610"}],"collection":[{"href":"https:\/\/grupolola.org\/index.php\/wp-json\/wp\/v2\/pages"}],"about":[{"href":"https:\/\/grupolola.org\/index.php\/wp-json\/wp\/v2\/types\/page"}],"author":[{"embeddable":true,"href":"https:\/\/grupolola.org\/index.php\/wp-json\/wp\/v2\/users\/1"}],"replies":[{"embeddable":true,"href":"https:\/\/grupolola.org\/index.php\/wp-json\/wp\/v2\/comments?post=610"}],"version-history":[{"count":37,"href":"https:\/\/grupolola.org\/index.php\/wp-json\/wp\/v2\/pages\/610\/revisions"}],"predecessor-version":[{"id":1136,"href":"https:\/\/grupolola.org\/index.php\/wp-json\/wp\/v2\/pages\/610\/revisions\/1136"}],"wp:attachment":[{"href":"https:\/\/grupolola.org\/index.php\/wp-json\/wp\/v2\/media?parent=610"}],"curies":[{"name":"wp","href":"https:\/\/api.w.org\/{rel}","templated":true}]}}