{"id":596,"date":"2023-11-20T08:10:06","date_gmt":"2023-11-20T11:10:06","guid":{"rendered":"https:\/\/grupolola.org\/?page_id=596"},"modified":"2023-11-29T14:29:43","modified_gmt":"2023-11-29T17:29:43","slug":"projeto-trabalho-docente-nas-tecnologias-visuais-uma-pesquisa-formacao-no-contexto-da-educacao-4-0-e-da-pandemia","status":"publish","type":"page","link":"https:\/\/grupolola.org\/index.php\/projeto-trabalho-docente-nas-tecnologias-visuais-uma-pesquisa-formacao-no-contexto-da-educacao-4-0-e-da-pandemia\/","title":{"rendered":"Trabalho docente nas tecnologias visuais"},"content":{"rendered":"\n<div style=\"height:100px\" aria-hidden=\"true\" class=\"wp-block-spacer\"><\/div>\n\n\n\n<h1 class=\"wp-block-heading has-nv-site-bg-color has-text-color has-link-color has-large-font-size wp-elements-fda650ee6f12f07320c4ae36c236bb72\" style=\"font-style:normal;font-weight:300\">Trabalho docente nas tecnologias visuais: uma pesquisa-forma\u00e7\u00e3o no contexto da educa\u00e7\u00e3o 4.0 e da pandemia (2021 &#8211; 2023)<\/h1>\n\n\n\n<div style=\"height:63px\" aria-hidden=\"true\" class=\"wp-block-spacer\"><\/div>\n\n\n\n<p><strong>Objetivo geral&nbsp;&nbsp;<\/strong><\/p>\n\n\n\n<ul>\n<li>Investigar o trabalho docente nas tecnologias visuais por meio de uma pesquisa-forma\u00e7\u00e3o com professoras e professores da educa\u00e7\u00e3o b\u00e1sica e com estudantes de licenciaturas, no contexto da Educa\u00e7\u00e3o 4.0 e da pandemia<strong>.<\/strong><\/li>\n<\/ul>\n\n\n\n<p><strong>Objetivos espec\u00edficos\/metas&nbsp;<\/strong><\/p>\n\n\n\n<ul>\n<li>Conhecer quais aprendizagens e sentidos sobre trabalho docente podem ser constru\u00eddos por professoras e professores da educa\u00e7\u00e3o b\u00e1sica e por estudantes de licenciaturas, a partir de experi\u00eancias formativas te\u00f3rico-pr\u00e1ticas com tecnologias visuais.<\/li>\n\n\n\n<li>Promover o desenvolvimento de uma postura cr\u00edtica, investigativa, criativa e autoral das (futuras) professoras e dos (futuros) professores, para que sejam capazes de ensinar valendo-se de tecnologias audiovisuais e de elaborar materiais did\u00e1tico-pedag\u00f3gicos que respondam as necessidades de seu tempo (educa\u00e7\u00e3o 4.0 e pandemia).&nbsp;<\/li>\n\n\n\n<li>Criar e implementar um Reposit\u00f3rio de Objetos de Ensino e Aprendizagem para o compartilhamento de tecnologias audiovisuais produzidas pelas pessoas participantes da pesquisa e materiais did\u00e1tico-pedag\u00f3gicos que qualifiquem e potencializem a forma\u00e7\u00e3o inicial e continuada de professores e professoras.&nbsp;<\/li>\n\n\n\n<li>Identificar oportunidades produzidas pela pesquisa-forma\u00e7\u00e3o que possam contribuir para fortalecer uma cultura profissional docente, para promover processos de empoderamento acad\u00eamicos e profissionais que reverberem na qualidade do ensino, e para diminuir desigualdades entre docentes na forma\u00e7\u00e3o e na carreira.&nbsp;<\/li>\n<\/ul>\n\n\n\n<div style=\"height:45px\" aria-hidden=\"true\" class=\"wp-block-spacer\"><\/div>\n\n\n\n<div class=\"wp-block-buttons alignwide is-content-justification-center is-layout-flex wp-container-core-buttons-layout-1 wp-block-buttons-is-layout-flex\">\n<div class=\"wp-block-button has-custom-width wp-block-button__width-50 has-custom-font-size is-style-secondary\" style=\"font-size:31px\"><a class=\"wp-block-button__link wp-element-button\" href=\"https:\/\/grupolola.org\/index.php\/repositorio\/\">Artefatos \/ Tecnologias Visuais<\/a><\/div>\n<\/div>\n\n\n\n<div style=\"height:101px\" aria-hidden=\"true\" class=\"wp-block-spacer\"><\/div>\n\n\n\n<h1 class=\"wp-block-heading has-neve-text-color-color has-text-color has-link-color has-large-font-size wp-elements-02dbd7fd704a387fbff80cb243e30a1c\">Apoio financeiro:<\/h1>\n\n\n\n<figure class=\"wp-block-image size-large\"><img loading=\"lazy\" decoding=\"async\" width=\"1024\" height=\"170\" src=\"https:\/\/grupolola.org\/wp-content\/uploads\/2023\/11\/semcnpq-1024x170.png\" alt=\"\" class=\"wp-image-1217\" srcset=\"https:\/\/grupolola.org\/wp-content\/uploads\/2023\/11\/semcnpq-1024x170.png 1024w, https:\/\/grupolola.org\/wp-content\/uploads\/2023\/11\/semcnpq-300x50.png 300w, https:\/\/grupolola.org\/wp-content\/uploads\/2023\/11\/semcnpq-150x25.png 150w, https:\/\/grupolola.org\/wp-content\/uploads\/2023\/11\/semcnpq-768x127.png 768w, https:\/\/grupolola.org\/wp-content\/uploads\/2023\/11\/semcnpq-1536x255.png 1536w, https:\/\/grupolola.org\/wp-content\/uploads\/2023\/11\/semcnpq-2048x340.png 2048w\" sizes=\"(max-width: 1024px) 100vw, 1024px\" \/><\/figure>\n\n\n\n<div style=\"height:72px\" aria-hidden=\"true\" class=\"wp-block-spacer\"><\/div>\n","protected":false},"excerpt":{"rendered":"<p>Trabalho docente nas tecnologias visuais: uma pesquisa-forma\u00e7\u00e3o no contexto da educa\u00e7\u00e3o 4.0 e da pandemia (2021 &#8211; 2023) Objetivo geral&nbsp;&nbsp; Objetivos espec\u00edficos\/metas&nbsp; Apoio financeiro:<\/p>\n","protected":false},"author":1,"featured_media":0,"parent":0,"menu_order":0,"comment_status":"closed","ping_status":"closed","template":"","meta":{"neve_meta_sidebar":"","neve_meta_container":"","neve_meta_enable_content_width":"","neve_meta_content_width":0,"neve_meta_title_alignment":"","neve_meta_author_avatar":"","neve_post_elements_order":"","neve_meta_disable_header":"","neve_meta_disable_footer":"","neve_meta_disable_title":"","footnotes":""},"_links":{"self":[{"href":"https:\/\/grupolola.org\/index.php\/wp-json\/wp\/v2\/pages\/596"}],"collection":[{"href":"https:\/\/grupolola.org\/index.php\/wp-json\/wp\/v2\/pages"}],"about":[{"href":"https:\/\/grupolola.org\/index.php\/wp-json\/wp\/v2\/types\/page"}],"author":[{"embeddable":true,"href":"https:\/\/grupolola.org\/index.php\/wp-json\/wp\/v2\/users\/1"}],"replies":[{"embeddable":true,"href":"https:\/\/grupolola.org\/index.php\/wp-json\/wp\/v2\/comments?post=596"}],"version-history":[{"count":40,"href":"https:\/\/grupolola.org\/index.php\/wp-json\/wp\/v2\/pages\/596\/revisions"}],"predecessor-version":[{"id":1218,"href":"https:\/\/grupolola.org\/index.php\/wp-json\/wp\/v2\/pages\/596\/revisions\/1218"}],"wp:attachment":[{"href":"https:\/\/grupolola.org\/index.php\/wp-json\/wp\/v2\/media?parent=596"}],"curies":[{"name":"wp","href":"https:\/\/api.w.org\/{rel}","templated":true}]}}