{"id":202,"date":"2023-11-17T21:41:11","date_gmt":"2023-11-18T00:41:11","guid":{"rendered":"https:\/\/grupolola.org\/?page_id=202"},"modified":"2023-11-28T12:03:24","modified_gmt":"2023-11-28T15:03:24","slug":"formacoes","status":"publish","type":"page","link":"https:\/\/grupolola.org\/index.php\/formacoes\/","title":{"rendered":"Forma\u00e7\u00f5es"},"content":{"rendered":"\n<div style=\"height:72px\" aria-hidden=\"true\" class=\"wp-block-spacer\"><\/div>\n\n\n\n<h1 class=\"wp-block-heading has-nv-site-bg-color has-text-color has-link-color has-x-large-font-size wp-elements-40eee8b16fe6a40007de5244fa918875\">Forma\u00e7\u00f5es<\/h1>\n\n\n\n<div style=\"height:68px\" aria-hidden=\"true\" class=\"wp-block-spacer\"><\/div>\n\n\n\n<h4 class=\"wp-block-heading has-nv-site-bg-color has-text-color has-link-color has-medium-font-size wp-elements-e2349ef3d7ff45b382b7681e5f53fe06\" style=\"font-style:normal;font-weight:300\">Acesse os conte\u00fados das forma\u00e7\u00f5es j\u00e1 oferecidas pelo Grupo Lola:<\/h4>\n\n\n\n<div class=\"wp-block-buttons is-layout-flex wp-block-buttons-is-layout-flex\">\n<div class=\"wp-block-button is-style-secondary\"><a class=\"wp-block-button__link has-nv-dark-bg-color has-text-color has-link-color wp-element-button\" href=\"https:\/\/grupolola.org\/index.php\/planejamento-pedagogico\/\">Planejamento Pedag\u00f3gico e Tecnologias de Ensino<\/a><\/div>\n<\/div>\n\n\n\n<div style=\"height:100px\" aria-hidden=\"true\" class=\"wp-block-spacer\"><\/div>\n","protected":false},"excerpt":{"rendered":"<p>Forma\u00e7\u00f5es Acesse os conte\u00fados das forma\u00e7\u00f5es j\u00e1 oferecidas pelo Grupo Lola:<\/p>\n","protected":false},"author":1,"featured_media":0,"parent":0,"menu_order":0,"comment_status":"closed","ping_status":"closed","template":"","meta":{"neve_meta_sidebar":"","neve_meta_container":"","neve_meta_enable_content_width":"","neve_meta_content_width":0,"neve_meta_title_alignment":"","neve_meta_author_avatar":"","neve_post_elements_order":"","neve_meta_disable_header":"","neve_meta_disable_footer":"","neve_meta_disable_title":"","footnotes":""},"_links":{"self":[{"href":"https:\/\/grupolola.org\/index.php\/wp-json\/wp\/v2\/pages\/202"}],"collection":[{"href":"https:\/\/grupolola.org\/index.php\/wp-json\/wp\/v2\/pages"}],"about":[{"href":"https:\/\/grupolola.org\/index.php\/wp-json\/wp\/v2\/types\/page"}],"author":[{"embeddable":true,"href":"https:\/\/grupolola.org\/index.php\/wp-json\/wp\/v2\/users\/1"}],"replies":[{"embeddable":true,"href":"https:\/\/grupolola.org\/index.php\/wp-json\/wp\/v2\/comments?post=202"}],"version-history":[{"count":9,"href":"https:\/\/grupolola.org\/index.php\/wp-json\/wp\/v2\/pages\/202\/revisions"}],"predecessor-version":[{"id":977,"href":"https:\/\/grupolola.org\/index.php\/wp-json\/wp\/v2\/pages\/202\/revisions\/977"}],"wp:attachment":[{"href":"https:\/\/grupolola.org\/index.php\/wp-json\/wp\/v2\/media?parent=202"}],"curies":[{"name":"wp","href":"https:\/\/api.w.org\/{rel}","templated":true}]}}