{"id":198,"date":"2023-11-17T21:40:48","date_gmt":"2023-11-18T00:40:48","guid":{"rendered":"https:\/\/grupolola.org\/?page_id=198"},"modified":"2023-11-29T11:26:30","modified_gmt":"2023-11-29T14:26:30","slug":"sobre-o-grupo-lola","status":"publish","type":"page","link":"https:\/\/grupolola.org\/index.php\/sobre-o-grupo-lola\/","title":{"rendered":"Sobre o Grupo Lola"},"content":{"rendered":"\n<div class=\"wp-block-group is-layout-constrained wp-block-group-is-layout-constrained\"><div class=\"wp-block-group__inner-container\">\n<div style=\"height:100px\" aria-hidden=\"true\" class=\"wp-block-spacer\"><\/div>\n\n\n\n<h1 class=\"wp-block-heading alignwide has-nv-site-bg-color has-text-color has-link-color wp-elements-0ccdb3641732d34e2d4812fd995835ed\" style=\"font-size:47px\">Sobre o Grupo<\/h1>\n\n\n\n<h1 class=\"wp-block-heading alignwide has-nv-site-bg-color has-text-color has-link-color wp-elements-1b1e3d8fd8924962d7f389ae3f2ea815\" style=\"font-size:32px\"><mark style=\"background-color:rgba(0, 0, 0, 0)\" class=\"has-inline-color has-nv-site-bg-color\">Lola &#8211; Grupo de Pesquisa em Trabalho Docente, G\u00eanero e Sexualidade.<\/mark><\/h1>\n\n\n\n<div style=\"height:35px\" aria-hidden=\"true\" class=\"wp-block-spacer\"><\/div>\n\n\n\n<div class=\"wp-block-group alignwide has-medium-font-size is-vertical is-content-justification-left is-layout-flex wp-container-core-group-layout-1 wp-block-group-is-layout-flex\">\n<p class=\"has-medium-font-size wp-container-content-1\"><strong><mark style=\"background-color:rgba(0, 0, 0, 0)\" class=\"has-inline-color has-neve-link-hover-color-color\">Professora Doutora Maria Cl\u00e1udia Dal\u2019Igna<\/mark><\/strong>                                      <strong><mark style=\"background-color:rgba(0, 0, 0, 0)\" class=\"has-inline-color has-neve-link-hover-color-color\">(Unisinos \u2013 PPG em Educa\u00e7\u00e3o) \u2013 l\u00edder<\/mark><\/strong><\/p>\n\n\n\n<div style=\"height:0px\" aria-hidden=\"true\" class=\"wp-block-spacer wp-container-content-2\"><\/div>\n<\/div>\n\n\n\n<div class=\"wp-block-group alignwide is-vertical is-content-justification-left is-layout-flex wp-container-core-group-layout-2 wp-block-group-is-layout-flex\">\n<p class=\"has-medium-font-size wp-container-content-3\"><strong><mark style=\"background-color:rgba(0, 0, 0, 0)\" class=\"has-inline-color has-neve-link-hover-color-color\">Professora Doutora Carin Klein<\/mark> <mark style=\"background-color:rgba(0, 0, 0, 0)\" class=\"has-inline-color has-neve-link-hover-color-color\"><mark style=\"background-color:rgba(0, 0, 0, 0)\" class=\"has-inline-color has-neve-link-hover-color-color\"><mark style=\"background-color:rgba(0, 0, 0, 0)\" class=\"has-inline-color has-neve-link-hover-color-color\">                                               (ULBRA \u2013 PPG em Educa\u00e7\u00e3o) \u2013 vice-l\u00edder<\/mark><\/mark><\/mark><\/strong><\/p>\n<\/div>\n\n\n\n<div style=\"height:41px\" aria-hidden=\"true\" class=\"wp-block-spacer\"><\/div>\n\n\n\n<div class=\"wp-block-media-text alignwide has-media-on-the-right is-stacked-on-mobile is-style-default\" style=\"grid-template-columns:auto 35%\"><div class=\"wp-block-media-text__content\">\n<h4 class=\"wp-block-heading has-nv-site-bg-color has-text-color has-link-color has-medium-font-size wp-elements-68af0070b3781dd27beb4fb96ed91383\" style=\"font-style:normal;font-weight:300\">O grupo Lola re\u00fane pesquisadoras e pesquisadores que desenvolvem a\u00e7\u00f5es de pesquisa, ensino e extens\u00e3o na educa\u00e7\u00e3o b\u00e1sica e superior, mobilizando os conceitos de doc\u00eancia, g\u00eanero, sexualidade, parentalidade e <em>interseccionalidade<\/em>&nbsp;como ferramentas \u00e9ticas, pol\u00edticas e pedag\u00f3gicas.<mark style=\"background-color:rgba(0, 0, 0, 0)\" class=\"has-inline-color has-neve-link-hover-color-color\"><br><\/mark><\/h4>\n<\/div><figure class=\"wp-block-media-text__media\"><img loading=\"lazy\" decoding=\"async\" width=\"1024\" height=\"1024\" src=\"https:\/\/grupolola.org\/wp-content\/uploads\/2023\/11\/2023.b-1-1024x1024.jpg\" alt=\"\" class=\"wp-image-348 size-full\" srcset=\"https:\/\/grupolola.org\/wp-content\/uploads\/2023\/11\/2023.b-1-1024x1024.jpg 1024w, https:\/\/grupolola.org\/wp-content\/uploads\/2023\/11\/2023.b-1-300x300.jpg 300w, https:\/\/grupolola.org\/wp-content\/uploads\/2023\/11\/2023.b-1-150x150.jpg 150w, https:\/\/grupolola.org\/wp-content\/uploads\/2023\/11\/2023.b-1-768x768.jpg 768w, https:\/\/grupolola.org\/wp-content\/uploads\/2023\/11\/2023.b-1.jpg 1080w\" sizes=\"(max-width: 1024px) 100vw, 1024px\" \/><\/figure><\/div>\n\n\n\n<div style=\"height:24px\" aria-hidden=\"true\" class=\"wp-block-spacer\"><\/div>\n\n\n\n<div class=\"wp-block-media-text alignwide is-stacked-on-mobile\" style=\"grid-template-columns:38% auto\"><figure class=\"wp-block-media-text__media\"><img loading=\"lazy\" decoding=\"async\" width=\"1024\" height=\"1024\" src=\"https:\/\/grupolola.org\/wp-content\/uploads\/2023\/11\/2023-1-1024x1024.jpg\" alt=\"\" class=\"wp-image-349 size-full\" srcset=\"https:\/\/grupolola.org\/wp-content\/uploads\/2023\/11\/2023-1-1024x1024.jpg 1024w, https:\/\/grupolola.org\/wp-content\/uploads\/2023\/11\/2023-1-300x300.jpg 300w, https:\/\/grupolola.org\/wp-content\/uploads\/2023\/11\/2023-1-150x150.jpg 150w, https:\/\/grupolola.org\/wp-content\/uploads\/2023\/11\/2023-1-768x768.jpg 768w, https:\/\/grupolola.org\/wp-content\/uploads\/2023\/11\/2023-1.jpg 1080w\" sizes=\"(max-width: 1024px) 100vw, 1024px\" \/><\/figure><div class=\"wp-block-media-text__content\">\n<h4 class=\"wp-block-heading has-nv-site-bg-color has-text-color has-link-color wp-elements-73583560d3f9afdbb05ab48880a97593\" style=\"font-style:normal;font-weight:300\">Sob a perspectiva da pesquisa-forma\u00e7\u00e3o, prop\u00f5em-se investiga\u00e7\u00f5es que permitam desenvolver processos de coopera\u00e7\u00e3o regionais, nacionais e internacionais entre o grupo de pesquisa, universidades e escolas, para produzir conhecimentos sobre pedagogia, ensino e profissionalidade docente, bem como para analisar modos pelos quais g\u00eanero e sexualidade, em intersec\u00e7\u00e3o com outros marcadores sociais, conformam os caminhos da forma\u00e7\u00e3o e da profissionaliza\u00e7\u00e3o.<\/h4>\n<\/div><\/div>\n\n\n\n<div style=\"height:24px\" aria-hidden=\"true\" class=\"wp-block-spacer\"><\/div>\n\n\n\n<div class=\"wp-block-media-text has-media-on-the-right is-stacked-on-mobile\" style=\"grid-template-columns:auto 39%\"><div class=\"wp-block-media-text__content\">\n<h4 class=\"wp-block-heading has-nv-site-bg-color has-text-color has-link-color wp-elements-9d2c8d61ece545cfbe51861f7519e18e\" style=\"font-style:normal;font-weight:300\"><em>Ao mesmo tempo, o trabalho docente \u00e9 analisado em articula\u00e7\u00e3o com a escola, a universidade e a fam\u00edlia, para problematizar <\/em>a produ\u00e7\u00e3o de diferen\u00e7as, desigualdades, discrimina\u00e7\u00f5es e viol\u00eancias de g\u00eanero e de sexualidade no curr\u00edculo e no planejamento pedag\u00f3gico. <\/h4>\n<\/div><figure class=\"wp-block-media-text__media\"><img loading=\"lazy\" decoding=\"async\" width=\"1024\" height=\"1024\" src=\"https:\/\/grupolola.org\/wp-content\/uploads\/2023\/11\/2022-1-1024x1024.jpg\" alt=\"\" class=\"wp-image-347 size-full\" srcset=\"https:\/\/grupolola.org\/wp-content\/uploads\/2023\/11\/2022-1-1024x1024.jpg 1024w, https:\/\/grupolola.org\/wp-content\/uploads\/2023\/11\/2022-1-300x300.jpg 300w, https:\/\/grupolola.org\/wp-content\/uploads\/2023\/11\/2022-1-150x150.jpg 150w, https:\/\/grupolola.org\/wp-content\/uploads\/2023\/11\/2022-1-768x768.jpg 768w, https:\/\/grupolola.org\/wp-content\/uploads\/2023\/11\/2022-1.jpg 1080w\" sizes=\"(max-width: 1024px) 100vw, 1024px\" \/><\/figure><\/div>\n\n\n\n<div style=\"height:21px\" aria-hidden=\"true\" class=\"wp-block-spacer\"><\/div>\n\n\n\n<div class=\"wp-block-media-text alignwide is-stacked-on-mobile\" style=\"grid-template-columns:41% auto\"><figure class=\"wp-block-media-text__media\"><img loading=\"lazy\" decoding=\"async\" width=\"1024\" height=\"1024\" src=\"https:\/\/grupolola.org\/wp-content\/uploads\/2023\/11\/2017-1-1024x1024.jpg\" alt=\"\" class=\"wp-image-346 size-full\" srcset=\"https:\/\/grupolola.org\/wp-content\/uploads\/2023\/11\/2017-1-1024x1024.jpg 1024w, https:\/\/grupolola.org\/wp-content\/uploads\/2023\/11\/2017-1-300x300.jpg 300w, https:\/\/grupolola.org\/wp-content\/uploads\/2023\/11\/2017-1-150x150.jpg 150w, https:\/\/grupolola.org\/wp-content\/uploads\/2023\/11\/2017-1-768x768.jpg 768w, https:\/\/grupolola.org\/wp-content\/uploads\/2023\/11\/2017-1.jpg 1080w\" sizes=\"(max-width: 1024px) 100vw, 1024px\" \/><\/figure><div class=\"wp-block-media-text__content\">\n<h4 class=\"wp-block-heading has-nv-site-bg-color has-text-color has-link-color wp-elements-058f190f5a50cb9627b0d850e61809d4\" style=\"font-style:normal;font-weight:300\">La\u00e7os de ternura e alian\u00e7a nos constituem por princ\u00edpio e n\u00e3o por decreto.<br>Nossos princ\u00edpios traduzem, em parte, o que fazemos: saber, saber cuidar, saber fazer com. <br>Estes la\u00e7os vis\u00edveis e invis\u00edveis \u201ch\u00e3o de ser a diferen\u00e7a [&#8230;] pra esperan\u00e7a vir de novo a cada novo amanhecer.\u201d <br>Aqui resistimos e reexistimos.<\/h4>\n<\/div><\/div>\n<\/div><\/div>\n\n\n\n<div style=\"height:27px\" aria-hidden=\"true\" class=\"wp-block-spacer\"><\/div>\n\n\n\n<div class=\"wp-block-media-text alignwide has-media-on-the-right is-stacked-on-mobile\" style=\"grid-template-columns:auto 37%\"><div class=\"wp-block-media-text__content\">\n<h4 class=\"wp-block-heading has-nv-site-bg-color has-text-color has-link-color wp-elements-89a2f948b5ba523a0562b6988fac567f\" style=\"font-style:normal;font-weight:300\"><mark style=\"background-color:rgba(0, 0, 0, 0)\" class=\"has-inline-color has-nv-site-bg-color\">Dizendo de outro modo, s\u00e3o os tr\u00eas \u201cCs\u201d do Lola: conhecimento, cuidado e coopera\u00e7\u00e3o. <\/mark><\/h4>\n\n\n\n<h4 class=\"wp-block-heading has-nv-site-bg-color has-text-color has-link-color wp-elements-d2e589386afe9bbba7cce8745ec6011c\" style=\"font-style:normal;font-weight:300\"><mark style=\"background-color:rgba(0, 0, 0, 0)\" class=\"has-inline-color has-nv-site-bg-color\">S\u00e3o 10 anos juntxs, construindo m\u00faltiplos conhecimentos, formas de coopera\u00e7\u00e3o e pr\u00e1ticas de cuidado, por meio das a\u00e7\u00f5es de ensino, pesquisa e extens\u00e3o que criamos.<\/mark><\/h4>\n<\/div><figure class=\"wp-block-media-text__media\"><img loading=\"lazy\" decoding=\"async\" width=\"1024\" height=\"1024\" src=\"https:\/\/grupolola.org\/wp-content\/uploads\/2023\/11\/2014-1-1024x1024.jpg\" alt=\"\" class=\"wp-image-345 size-full\" srcset=\"https:\/\/grupolola.org\/wp-content\/uploads\/2023\/11\/2014-1-1024x1024.jpg 1024w, https:\/\/grupolola.org\/wp-content\/uploads\/2023\/11\/2014-1-300x300.jpg 300w, https:\/\/grupolola.org\/wp-content\/uploads\/2023\/11\/2014-1-150x150.jpg 150w, https:\/\/grupolola.org\/wp-content\/uploads\/2023\/11\/2014-1-768x768.jpg 768w, https:\/\/grupolola.org\/wp-content\/uploads\/2023\/11\/2014-1.jpg 1080w\" sizes=\"(max-width: 1024px) 100vw, 1024px\" \/><\/figure><\/div>\n\n\n\n<div style=\"height:105px\" aria-hidden=\"true\" class=\"wp-block-spacer\"><\/div>\n\n\n\n<div class=\"wp-block-buttons alignwide has-custom-font-size has-x-large-font-size is-horizontal is-content-justification-center is-nowrap is-layout-flex wp-container-core-buttons-layout-1 wp-block-buttons-is-layout-flex\">\n<div class=\"wp-block-button has-custom-width wp-block-button__width-50 has-custom-font-size is-style-secondary has-medium-font-size\"><a class=\"wp-block-button__link wp-element-button\" href=\"https:\/\/grupolola.org\/index.php\/projetos-de-pesquisa\/\">Projetos de pesquisa<\/a><\/div>\n\n\n\n<div class=\"wp-block-button has-custom-width wp-block-button__width-50 has-custom-font-size is-style-secondary has-medium-font-size\"><a class=\"wp-block-button__link wp-element-button\" href=\"https:\/\/grupolola.org\/index.php\/formacoes\/\">Forma\u00e7\u00f5es<\/a><\/div>\n<\/div>\n\n\n\n<div style=\"height:97px\" aria-hidden=\"true\" class=\"wp-block-spacer\"><\/div>\n\n\n\n<h1 class=\"wp-block-heading has-neve-text-color-color has-text-color has-link-color has-large-font-size wp-elements-02dbd7fd704a387fbff80cb243e30a1c\">Apoio financeiro:<\/h1>\n\n\n\n<figure class=\"wp-block-image size-large\"><img loading=\"lazy\" decoding=\"async\" width=\"1024\" height=\"162\" src=\"https:\/\/grupolola.org\/wp-content\/uploads\/2023\/11\/logos-2-1024x162.png\" alt=\"\" class=\"wp-image-1020\" srcset=\"https:\/\/grupolola.org\/wp-content\/uploads\/2023\/11\/logos-2-1024x162.png 1024w, https:\/\/grupolola.org\/wp-content\/uploads\/2023\/11\/logos-2-300x48.png 300w, https:\/\/grupolola.org\/wp-content\/uploads\/2023\/11\/logos-2-150x24.png 150w, https:\/\/grupolola.org\/wp-content\/uploads\/2023\/11\/logos-2-768x122.png 768w, https:\/\/grupolola.org\/wp-content\/uploads\/2023\/11\/logos-2-1536x244.png 1536w, https:\/\/grupolola.org\/wp-content\/uploads\/2023\/11\/logos-2-2048x325.png 2048w\" sizes=\"(max-width: 1024px) 100vw, 1024px\" \/><\/figure>\n\n\n\n<div style=\"height:97px\" aria-hidden=\"true\" class=\"wp-block-spacer\"><\/div>\n","protected":false},"excerpt":{"rendered":"<p>Sobre o Grupo Lola &#8211; Grupo de Pesquisa em Trabalho Docente, G\u00eanero e Sexualidade. Professora Doutora Maria Cl\u00e1udia Dal\u2019Igna (Unisinos \u2013 PPG em Educa\u00e7\u00e3o) \u2013 l\u00edder Professora Doutora Carin Klein (ULBRA \u2013 PPG em Educa\u00e7\u00e3o) \u2013 vice-l\u00edder O grupo Lola re\u00fane pesquisadoras e pesquisadores que desenvolvem a\u00e7\u00f5es de pesquisa, ensino e extens\u00e3o na educa\u00e7\u00e3o b\u00e1sica&hellip;&nbsp;<a href=\"https:\/\/grupolola.org\/index.php\/sobre-o-grupo-lola\/\" class=\"\" rel=\"bookmark\">Continue a ler &raquo;<span class=\"screen-reader-text\">Sobre o Grupo Lola<\/span><\/a><\/p>\n","protected":false},"author":1,"featured_media":0,"parent":0,"menu_order":0,"comment_status":"closed","ping_status":"closed","template":"","meta":{"neve_meta_sidebar":"full-width","neve_meta_container":"full-width","neve_meta_enable_content_width":"on","neve_meta_content_width":81,"neve_meta_title_alignment":"left","neve_meta_author_avatar":"","neve_post_elements_order":"","neve_meta_disable_header":"","neve_meta_disable_footer":"","neve_meta_disable_title":"","footnotes":""},"_links":{"self":[{"href":"https:\/\/grupolola.org\/index.php\/wp-json\/wp\/v2\/pages\/198"}],"collection":[{"href":"https:\/\/grupolola.org\/index.php\/wp-json\/wp\/v2\/pages"}],"about":[{"href":"https:\/\/grupolola.org\/index.php\/wp-json\/wp\/v2\/types\/page"}],"author":[{"embeddable":true,"href":"https:\/\/grupolola.org\/index.php\/wp-json\/wp\/v2\/users\/1"}],"replies":[{"embeddable":true,"href":"https:\/\/grupolola.org\/index.php\/wp-json\/wp\/v2\/comments?post=198"}],"version-history":[{"count":82,"href":"https:\/\/grupolola.org\/index.php\/wp-json\/wp\/v2\/pages\/198\/revisions"}],"predecessor-version":[{"id":1164,"href":"https:\/\/grupolola.org\/index.php\/wp-json\/wp\/v2\/pages\/198\/revisions\/1164"}],"wp:attachment":[{"href":"https:\/\/grupolola.org\/index.php\/wp-json\/wp\/v2\/media?parent=198"}],"curies":[{"name":"wp","href":"https:\/\/api.w.org\/{rel}","templated":true}]}}